{"id":3290,"date":"2023-12-13T13:19:01","date_gmt":"2023-12-13T12:19:01","guid":{"rendered":"https:\/\/sportyheaven.pl\/produkty\/drazek-do-podciagania-rozporowy-do-drzwi-62-100-cm\/"},"modified":"2025-02-08T13:13:05","modified_gmt":"2025-02-08T12:13:05","slug":"drazek-do-podciagania-rozporowy-do-drzwi-62-100-cm","status":"publish","type":"product","link":"https:\/\/sportyheaven.pl\/en\/sklep\/drazek-do-podciagania-rozporowy-do-drzwi-62-100-cm\/","title":{"rendered":"Dr\u0105\u017cek do podci\u0105gania &#8211; rozporowy do drzwi 62-100 cm"},"content":{"rendered":"<p><span style=\"font-family: 'Open Sans', sans-serif; font-size: 10pt;\">\u2705 Materia\u0142: Wysokogatunkowa stal nierdzewna, chromowana, piankowe uchwyty<br \/>\u2705 Regulowana szeroko\u015b\u0107:\u00a062 &#8211; 100 cm<br \/>\u2705 \u015arednica dr\u0105\u017cka:\u00a04 cm<\/span><\/p>\n","protected":false},"excerpt":{"rendered":"<p>YAKIMASPORT<br \/>\nEAN: 5903796712346<\/p>\n","protected":false},"featured_media":3288,"template":"","meta":{"_acf_changed":false},"marka":[145],"product_cat":[233,325,235,324,367],"product_tag":[],"class_list":{"0":"post-3290","1":"product","2":"type-product","3":"status-publish","4":"has-post-thumbnail","6":"marka-yakimasport","7":"product_cat-school-accessories","8":"product_cat-fitness-accessories","9":"product_cat-other-school-accessories","10":"product_cat-gym-fitness","11":"product_cat-yakimasport-en","13":"first","14":"instock","15":"taxable","16":"shipping-taxable","17":"purchasable","18":"product-type-simple"},"acf":{"informacje_o_zakupach":"Bezpieczne zakupy, 12 miesi\u0119czna gwarancja!","informacje_o_dostawie_ys":"Szybka realizacja zam\u00f3wienia i dostawa","informacje_o_zwrocie":"14-dniowa mo\u017cliwo\u015b\u0107 zwrotu!"},"_links":{"self":[{"href":"https:\/\/sportyheaven.pl\/en\/wp-json\/wp\/v2\/product\/3290","targetHints":{"allow":["GET"]}}],"collection":[{"href":"https:\/\/sportyheaven.pl\/en\/wp-json\/wp\/v2\/product"}],"about":[{"href":"https:\/\/sportyheaven.pl\/en\/wp-json\/wp\/v2\/types\/product"}],"version-history":[{"count":1,"href":"https:\/\/sportyheaven.pl\/en\/wp-json\/wp\/v2\/product\/3290\/revisions"}],"predecessor-version":[{"id":5834,"href":"https:\/\/sportyheaven.pl\/en\/wp-json\/wp\/v2\/product\/3290\/revisions\/5834"}],"wp:featuredmedia":[{"embeddable":true,"href":"https:\/\/sportyheaven.pl\/en\/wp-json\/wp\/v2\/media\/3288"}],"wp:attachment":[{"href":"https:\/\/sportyheaven.pl\/en\/wp-json\/wp\/v2\/media?parent=3290"}],"wp:term":[{"taxonomy":"marka","embeddable":true,"href":"https:\/\/sportyheaven.pl\/en\/wp-json\/wp\/v2\/marka?post=3290"},{"taxonomy":"product_cat","embeddable":true,"href":"https:\/\/sportyheaven.pl\/en\/wp-json\/wp\/v2\/product_cat?post=3290"},{"taxonomy":"product_tag","embeddable":true,"href":"https:\/\/sportyheaven.pl\/en\/wp-json\/wp\/v2\/product_tag?post=3290"}],"curies":[{"name":"wp","href":"https:\/\/api.w.org\/{rel}","templated":true}]}}