{"id":3287,"date":"2023-12-13T13:19:01","date_gmt":"2023-12-13T12:19:01","guid":{"rendered":"https:\/\/sportyheaven.pl\/produkty\/pilka-gimnastyczna-75-cm\/"},"modified":"2025-04-29T08:26:25","modified_gmt":"2025-04-29T06:26:25","slug":"pilka-gimnastyczna-75-cm","status":"publish","type":"product","link":"https:\/\/sportyheaven.pl\/en\/sklep\/pilka-gimnastyczna-75-cm\/","title":{"rendered":"Pi\u0142ka gimnastyczna 75 cm"},"content":{"rendered":"<div style=\"text-align: left;\"><span style=\"font-family: 'Open Sans', sans-serif; font-size: 10pt;\">\u2705\u00a0<\/span><span style=\"font-size: 10pt;\"><span style=\"font-family: 'Open Sans', sans-serif;\">Wszechstronno\u015b\u0107 zastosowa\u0144<\/span><span style=\"font-family: 'Open Sans', sans-serif;\">: Umo\u017cliwia wykonywanie szeregu \u0107wicze\u0144 wzmacniaj\u0105cych mi\u0119\u015bnie, poprawiaj\u0105cych r\u00f3wnowag\u0119 i elastyczno\u015b\u0107.<\/span><\/span><\/div>\n<div style=\"text-align: left;\"><span style=\"font-family: 'Open Sans', sans-serif;\"><strong style=\"font-family: 'Open Sans', sans-serif; font-size: 12pt;\"><span style=\"font-size: 10pt;\">\u2705<\/span> <\/strong><span style=\"font-size: 10pt;\">Wysoka jako\u015b\u0107 materia\u0142\u00f3w<\/span><span style=\"font-size: 10pt;\">: Wykonana z trwa\u0142ego, antypo\u015blizgowego materia\u0142u, zapewniaj\u0105cego bezpiecze\u0144stwo i komfort podczas \u0107wicze\u0144.<\/span><\/span><\/div>\n<div style=\"text-align: left;\"><span style=\"font-family: 'Open Sans', sans-serif;\"><strong style=\"font-family: 'Open Sans', sans-serif; font-size: 12pt;\"><span style=\"font-size: 10pt;\">\u2705<\/span> <\/strong><span style=\"font-size: 10pt;\">Bezpiecze\u0144stwo i wytrzyma\u0142o\u015b\u0107<\/span><span style=\"font-size: 10pt;\">: Pi\u0142ka posiada funkcj\u0119 anti-burst, co oznacza, \u017ce nawet w przypadku przebicia, powoli straci powietrze, minimalizuj\u0105c ryzyko kontuzji.<\/span><\/span><\/div>\n<div style=\"text-align: left;\"><span style=\"font-family: 'Open Sans', sans-serif;\"><strong style=\"font-family: 'Open Sans', sans-serif; font-size: 12pt;\"><span style=\"font-size: 10pt;\">\u2705<\/span> <\/strong><span style=\"font-size: 10pt;\">\u0141atwo\u015b\u0107 w u\u017cyciu i przechowywaniu<\/span><\/span><\/div>\n","protected":false},"excerpt":{"rendered":"<p>YAKIMASPORT<br \/>\nEAN: 5903796711653<\/p>\n","protected":false},"featured_media":3285,"template":"","meta":{"_acf_changed":false},"marka":[],"product_cat":[130,138,131,136,123],"product_tag":[],"class_list":{"0":"post-3287","1":"product","2":"type-product","3":"status-publish","4":"has-post-thumbnail","6":"product_cat-akcesoria-dla-szkol","7":"product_cat-gimnastyka","8":"product_cat-pozostale-akcesoria-dla-szkol","9":"product_cat-wyposazenie","10":"product_cat-yakimasport","12":"first","13":"instock","14":"taxable","15":"shipping-taxable","16":"purchasable","17":"product-type-simple"},"acf":[],"_links":{"self":[{"href":"https:\/\/sportyheaven.pl\/en\/wp-json\/wp\/v2\/product\/3287","targetHints":{"allow":["GET"]}}],"collection":[{"href":"https:\/\/sportyheaven.pl\/en\/wp-json\/wp\/v2\/product"}],"about":[{"href":"https:\/\/sportyheaven.pl\/en\/wp-json\/wp\/v2\/types\/product"}],"version-history":[{"count":2,"href":"https:\/\/sportyheaven.pl\/en\/wp-json\/wp\/v2\/product\/3287\/revisions"}],"predecessor-version":[{"id":5912,"href":"https:\/\/sportyheaven.pl\/en\/wp-json\/wp\/v2\/product\/3287\/revisions\/5912"}],"wp:featuredmedia":[{"embeddable":true,"href":"https:\/\/sportyheaven.pl\/en\/wp-json\/wp\/v2\/media\/3285"}],"wp:attachment":[{"href":"https:\/\/sportyheaven.pl\/en\/wp-json\/wp\/v2\/media?parent=3287"}],"wp:term":[{"taxonomy":"marka","embeddable":true,"href":"https:\/\/sportyheaven.pl\/en\/wp-json\/wp\/v2\/marka?post=3287"},{"taxonomy":"product_cat","embeddable":true,"href":"https:\/\/sportyheaven.pl\/en\/wp-json\/wp\/v2\/product_cat?post=3287"},{"taxonomy":"product_tag","embeddable":true,"href":"https:\/\/sportyheaven.pl\/en\/wp-json\/wp\/v2\/product_tag?post=3287"}],"curies":[{"name":"wp","href":"https:\/\/api.w.org\/{rel}","templated":true}]}}