{"id":3269,"date":"2023-12-13T13:18:31","date_gmt":"2023-12-13T12:18:31","guid":{"rendered":"https:\/\/sportyheaven.pl\/produkty\/walek-roller-do-masazu-groove-wyzlobienia\/"},"modified":"2024-06-29T14:54:07","modified_gmt":"2024-06-29T12:54:07","slug":"walek-roller-do-masazu-groove-wyzlobienia","status":"publish","type":"product","link":"https:\/\/sportyheaven.pl\/en\/sklep\/walek-roller-do-masazu-groove-wyzlobienia\/","title":{"rendered":"Wa\u0142ek, Roller do masa\u017cu- Groove &#8211; WY\u017b\u0141OBIENIA"},"content":{"rendered":"<div style=\"text-align:left;\">\n<div style=\"text-align:left;\"><span style=\"font-size:10pt;font-family:'Open Sans', sans-serif;\"><strong>Roller p\u0142aski z wy\u017c\u0142obieniami<\/strong><\/p>\n<p>&#8211; Uniwersalny przyrz\u0105d do automasa\u017cu, \u0142agodzi napi\u0119cia i chroni przed kontuzjami.<br \/>&#8211; Polecany szczeg\u00f3lnie przed treningiem jako uzupe\u0142nienie rozgrzewki.<br \/>&#8211; Rowki na powierzchni powoduj\u0105, \u017ce rolka drga przy rolowaniu, co poprawia kr\u0105\u017cenie krwi.<br \/>&#8211; Zwi\u0119ksza wydajno\u015b\u0107 organizmu, przyspiesza jego regeneracj\u0119, a tak\u017ce poprawiaj\u0105 og\u00f3le samopoczucie.<br \/>&#8211; Dedykowany nie tylko profesjonalnym sportowcom, ale wszystkim osobom zmagaj\u0105cym si\u0119 z b\u00f3lami przem\u0119czeniowymi.<\/span><\/div>\n<div style=\"text-align:left;\"><span style=\"font-size:10pt;font-family:'Open Sans', sans-serif;\">&#8211; Wykonany z materia\u0142u EPP.<\/span><\/div>\n<div style=\"text-align:left;\"><span style=\"font-size:10pt;font-family:'Open Sans', sans-serif;\">&#8211; Wy\u017c\u0142obiona powierzchnia pobudza tkanki mi\u0119\u015bniowo-powi\u0119ziowego poprzez uzyskanie naturalnego efektu wibracji. Nadaje si\u0119 do zapobiegania i leczenia cellulitu.<br \/>&#8211; Przyjazny \u015brodowisku,\u00a0100% do recyklingu<br \/>&#8211; Wolny od substancji chemicznych,\u00a0bezwonny<br \/>&#8211; Odporny na wod\u0119<br \/>&#8211; \u0141atwy do czyszczenia<br \/>&#8211; D\u0142ugo\u015b\u0107: 32 cm<br \/>&#8211; \u015arednica: 14 cm<\/span><\/p>\n<p><span style=\"font-size:10pt;font-family:'Open Sans', sans-serif;\">Kod produktu:\u00a0100212<\/span><\/div>\n<\/div>\n","protected":false},"excerpt":{"rendered":"<p>YAKIMASPORT<br \/>\nEAN: 5906718236081<\/p>\n","protected":false},"featured_media":3267,"template":"","meta":{"_acf_changed":false},"marka":[145],"product_cat":[130,131,123,61,72],"product_tag":[],"class_list":{"0":"post-3269","1":"product","2":"type-product","3":"status-publish","4":"has-post-thumbnail","6":"marka-yakimasport","7":"product_cat-akcesoria-dla-szkol","8":"product_cat-pozostale-akcesoria-dla-szkol","9":"product_cat-yakimasport","10":"product_cat-silownia-fitness","11":"product_cat-akcesoria-fitness","13":"first","14":"instock","15":"taxable","16":"shipping-taxable","17":"purchasable","18":"product-type-simple"},"acf":[],"_links":{"self":[{"href":"https:\/\/sportyheaven.pl\/en\/wp-json\/wp\/v2\/product\/3269","targetHints":{"allow":["GET"]}}],"collection":[{"href":"https:\/\/sportyheaven.pl\/en\/wp-json\/wp\/v2\/product"}],"about":[{"href":"https:\/\/sportyheaven.pl\/en\/wp-json\/wp\/v2\/types\/product"}],"version-history":[{"count":0,"href":"https:\/\/sportyheaven.pl\/en\/wp-json\/wp\/v2\/product\/3269\/revisions"}],"wp:featuredmedia":[{"embeddable":true,"href":"https:\/\/sportyheaven.pl\/en\/wp-json\/wp\/v2\/media\/3267"}],"wp:attachment":[{"href":"https:\/\/sportyheaven.pl\/en\/wp-json\/wp\/v2\/media?parent=3269"}],"wp:term":[{"taxonomy":"marka","embeddable":true,"href":"https:\/\/sportyheaven.pl\/en\/wp-json\/wp\/v2\/marka?post=3269"},{"taxonomy":"product_cat","embeddable":true,"href":"https:\/\/sportyheaven.pl\/en\/wp-json\/wp\/v2\/product_cat?post=3269"},{"taxonomy":"product_tag","embeddable":true,"href":"https:\/\/sportyheaven.pl\/en\/wp-json\/wp\/v2\/product_tag?post=3269"}],"curies":[{"name":"wp","href":"https:\/\/api.w.org\/{rel}","templated":true}]}}