{"id":3266,"date":"2023-12-13T13:18:30","date_gmt":"2023-12-13T12:18:30","guid":{"rendered":"https:\/\/sportyheaven.pl\/produkty\/walek-roller-do-masazu-plaski-45-cm\/"},"modified":"2025-04-29T08:24:00","modified_gmt":"2025-04-29T06:24:00","slug":"walek-roller-do-masazu-plaski-45-cm","status":"publish","type":"product","link":"https:\/\/sportyheaven.pl\/en\/sklep\/walek-roller-do-masazu-plaski-45-cm\/","title":{"rendered":"Wa\u0142ek, roller do masa\u017cu &#8211; p\u0142aski 45 cm"},"content":{"rendered":"<p><span style=\"font-family: 'Open Sans', sans-serif; font-size: 10pt;\">\u2705 G\u0142adka powierzchnia<\/span><br \/><span style=\"font-family: 'Open Sans', sans-serif; font-size: 10pt;\">\u2705 Mi\u0119kka struktura<\/span><br \/><span style=\"font-family: 'Open Sans', sans-serif; font-size: 10pt;\">\u2705 Optymalna d\u0142ugo\u015b\u0107<\/span><br \/><span style=\"font-family: 'Open Sans', sans-serif; font-size: 10pt;\">\u2705 D\u0142ugo\u015b\u0107: 45 cm<br \/>\u2705 \u015arednica: 15 cm<\/span><\/p>\n","protected":false},"excerpt":{"rendered":"<p>YAKIMASPORT<br \/>\nEAN: 5903137554680<\/p>\n","protected":false},"featured_media":5402,"template":"","meta":{"_acf_changed":false},"marka":[145],"product_cat":[130,131,123,61,72],"product_tag":[],"class_list":{"0":"post-3266","1":"product","2":"type-product","3":"status-publish","4":"has-post-thumbnail","6":"marka-yakimasport","7":"product_cat-akcesoria-dla-szkol","8":"product_cat-pozostale-akcesoria-dla-szkol","9":"product_cat-yakimasport","10":"product_cat-silownia-fitness","11":"product_cat-akcesoria-fitness","13":"first","14":"instock","15":"taxable","16":"shipping-taxable","17":"purchasable","18":"product-type-simple"},"acf":[],"_links":{"self":[{"href":"https:\/\/sportyheaven.pl\/en\/wp-json\/wp\/v2\/product\/3266","targetHints":{"allow":["GET"]}}],"collection":[{"href":"https:\/\/sportyheaven.pl\/en\/wp-json\/wp\/v2\/product"}],"about":[{"href":"https:\/\/sportyheaven.pl\/en\/wp-json\/wp\/v2\/types\/product"}],"version-history":[{"count":2,"href":"https:\/\/sportyheaven.pl\/en\/wp-json\/wp\/v2\/product\/3266\/revisions"}],"predecessor-version":[{"id":5887,"href":"https:\/\/sportyheaven.pl\/en\/wp-json\/wp\/v2\/product\/3266\/revisions\/5887"}],"wp:featuredmedia":[{"embeddable":true,"href":"https:\/\/sportyheaven.pl\/en\/wp-json\/wp\/v2\/media\/5402"}],"wp:attachment":[{"href":"https:\/\/sportyheaven.pl\/en\/wp-json\/wp\/v2\/media?parent=3266"}],"wp:term":[{"taxonomy":"marka","embeddable":true,"href":"https:\/\/sportyheaven.pl\/en\/wp-json\/wp\/v2\/marka?post=3266"},{"taxonomy":"product_cat","embeddable":true,"href":"https:\/\/sportyheaven.pl\/en\/wp-json\/wp\/v2\/product_cat?post=3266"},{"taxonomy":"product_tag","embeddable":true,"href":"https:\/\/sportyheaven.pl\/en\/wp-json\/wp\/v2\/product_tag?post=3266"}],"curies":[{"name":"wp","href":"https:\/\/api.w.org\/{rel}","templated":true}]}}