{"id":3254,"date":"2023-12-13T13:18:26","date_gmt":"2023-12-13T12:18:26","guid":{"rendered":"https:\/\/sportyheaven.pl\/produkty\/skakanka-pro\/"},"modified":"2025-04-29T08:24:00","modified_gmt":"2025-04-29T06:24:00","slug":"skakanka-pro","status":"publish","type":"product","link":"https:\/\/sportyheaven.pl\/en\/sklep\/skakanka-pro\/","title":{"rendered":"Skakanka PRO"},"content":{"rendered":"<div style=\"text-align: justify;\"><span style=\"font-family: 'Open Sans', sans-serif; font-size: 10pt;\">\u2705 Efektywny trening: Skakanka to prosty spos\u00f3b na popraw\u0119 kondycji, spalanie kalorii i wzmocnienie mi\u0119\u015bni.<\/span><\/div>\n<div style=\"text-align: justify;\"><span style=\"font-family: 'Open Sans', sans-serif; font-size: 10pt;\">\u2705 Kompaktowy design: Lekka i \u0142atwa w przechowywaniu \u2013 idealna do domu, na si\u0142owni\u0119 lub w podr\u00f3\u017cy.<\/span><\/div>\n<div style=\"text-align: justify;\"><span style=\"font-family: 'Open Sans', sans-serif; font-size: 10pt;\">\u2705 Estetyczny wygl\u0105d: Nowoczesny design i eleganckie wyko\u0144czenie przyci\u0105gaj\u0105 uwag\u0119<\/span><\/div>\n<div style=\"text-align: justify;\"><span style=\"font-family: 'Open Sans', sans-serif; font-size: 10pt;\">\u2705 Regulowana d\u0142ugo\u015b\u0107<\/span><\/div>\n","protected":false},"excerpt":{"rendered":"<p>YAKIMASPORT<br \/>\nEAN: 5903796710915<\/p>\n","protected":false},"featured_media":3252,"template":"","meta":{"_acf_changed":false},"marka":[145],"product_cat":[130,138,131,136,123,61,72],"product_tag":[],"class_list":{"0":"post-3254","1":"product","2":"type-product","3":"status-publish","4":"has-post-thumbnail","6":"marka-yakimasport","7":"product_cat-akcesoria-dla-szkol","8":"product_cat-gimnastyka","9":"product_cat-pozostale-akcesoria-dla-szkol","10":"product_cat-wyposazenie","11":"product_cat-yakimasport","12":"product_cat-silownia-fitness","13":"product_cat-akcesoria-fitness","15":"first","16":"instock","17":"taxable","18":"shipping-taxable","19":"purchasable","20":"product-type-simple"},"acf":[],"_links":{"self":[{"href":"https:\/\/sportyheaven.pl\/en\/wp-json\/wp\/v2\/product\/3254","targetHints":{"allow":["GET"]}}],"collection":[{"href":"https:\/\/sportyheaven.pl\/en\/wp-json\/wp\/v2\/product"}],"about":[{"href":"https:\/\/sportyheaven.pl\/en\/wp-json\/wp\/v2\/types\/product"}],"version-history":[{"count":2,"href":"https:\/\/sportyheaven.pl\/en\/wp-json\/wp\/v2\/product\/3254\/revisions"}],"predecessor-version":[{"id":5905,"href":"https:\/\/sportyheaven.pl\/en\/wp-json\/wp\/v2\/product\/3254\/revisions\/5905"}],"wp:featuredmedia":[{"embeddable":true,"href":"https:\/\/sportyheaven.pl\/en\/wp-json\/wp\/v2\/media\/3252"}],"wp:attachment":[{"href":"https:\/\/sportyheaven.pl\/en\/wp-json\/wp\/v2\/media?parent=3254"}],"wp:term":[{"taxonomy":"marka","embeddable":true,"href":"https:\/\/sportyheaven.pl\/en\/wp-json\/wp\/v2\/marka?post=3254"},{"taxonomy":"product_cat","embeddable":true,"href":"https:\/\/sportyheaven.pl\/en\/wp-json\/wp\/v2\/product_cat?post=3254"},{"taxonomy":"product_tag","embeddable":true,"href":"https:\/\/sportyheaven.pl\/en\/wp-json\/wp\/v2\/product_tag?post=3254"}],"curies":[{"name":"wp","href":"https:\/\/api.w.org\/{rel}","templated":true}]}}