{"id":3248,"date":"2023-12-13T13:18:23","date_gmt":"2023-12-13T12:18:23","guid":{"rendered":"https:\/\/sportyheaven.pl\/produkty\/sanki-do-treningu-silowego-9-kg\/"},"modified":"2025-04-22T04:12:46","modified_gmt":"2025-04-22T02:12:46","slug":"sanki-do-treningu-silowego-9-kg","status":"publish","type":"product","link":"https:\/\/sportyheaven.pl\/en\/sklep\/sanki-do-treningu-silowego-9-kg\/","title":{"rendered":"Sanki do treningu si\u0142owego &#8211; 9 kg"},"content":{"rendered":"<p><span style=\"font-family: 'Open Sans', sans-serif; font-size: 10pt;\">\u2705 Obci\u0105\u017cenie sanek od 9kg do 60kg<\/span><br \/><span style=\"font-family: 'Open Sans', sans-serif; font-size: 10pt;\">\u2705\u00a0Stworzone do nak\u0142adania na nie ci\u0119\u017car\u00f3w odpowiednich do charakterystyki treningu<\/span><br \/><span style=\"font-family: 'Open Sans', sans-serif; font-size: 10pt;\">\u2705 \u015arednica dr\u0105\u017cka na obci\u0105\u017cnik ok. 2,9cm<\/span><\/p>\n","protected":false},"excerpt":{"rendered":"<p>YAKIMASPORT<br \/>\nEAN: 5903137554048<\/p>\n","protected":false},"featured_media":5806,"template":"","meta":{"_acf_changed":false},"marka":[145],"product_cat":[123,61,72],"product_tag":[],"class_list":{"0":"post-3248","1":"product","2":"type-product","3":"status-publish","4":"has-post-thumbnail","6":"marka-yakimasport","7":"product_cat-yakimasport","8":"product_cat-silownia-fitness","9":"product_cat-akcesoria-fitness","11":"first","12":"instock","13":"taxable","14":"shipping-taxable","15":"purchasable","16":"product-type-simple"},"acf":[],"_links":{"self":[{"href":"https:\/\/sportyheaven.pl\/en\/wp-json\/wp\/v2\/product\/3248","targetHints":{"allow":["GET"]}}],"collection":[{"href":"https:\/\/sportyheaven.pl\/en\/wp-json\/wp\/v2\/product"}],"about":[{"href":"https:\/\/sportyheaven.pl\/en\/wp-json\/wp\/v2\/types\/product"}],"version-history":[{"count":2,"href":"https:\/\/sportyheaven.pl\/en\/wp-json\/wp\/v2\/product\/3248\/revisions"}],"predecessor-version":[{"id":5808,"href":"https:\/\/sportyheaven.pl\/en\/wp-json\/wp\/v2\/product\/3248\/revisions\/5808"}],"wp:featuredmedia":[{"embeddable":true,"href":"https:\/\/sportyheaven.pl\/en\/wp-json\/wp\/v2\/media\/5806"}],"wp:attachment":[{"href":"https:\/\/sportyheaven.pl\/en\/wp-json\/wp\/v2\/media?parent=3248"}],"wp:term":[{"taxonomy":"marka","embeddable":true,"href":"https:\/\/sportyheaven.pl\/en\/wp-json\/wp\/v2\/marka?post=3248"},{"taxonomy":"product_cat","embeddable":true,"href":"https:\/\/sportyheaven.pl\/en\/wp-json\/wp\/v2\/product_cat?post=3248"},{"taxonomy":"product_tag","embeddable":true,"href":"https:\/\/sportyheaven.pl\/en\/wp-json\/wp\/v2\/product_tag?post=3248"}],"curies":[{"name":"wp","href":"https:\/\/api.w.org\/{rel}","templated":true}]}}