{"id":3242,"date":"2023-12-13T13:18:21","date_gmt":"2023-12-13T12:18:21","guid":{"rendered":"https:\/\/sportyheaven.pl\/produkty\/floss-band-tasma-guma-15mm-niebieska\/"},"modified":"2025-04-29T08:23:43","modified_gmt":"2025-04-29T06:23:43","slug":"floss-band-tasma-guma-15mm-niebieska","status":"publish","type":"product","link":"https:\/\/sportyheaven.pl\/en\/sklep\/floss-band-tasma-guma-15mm-niebieska\/","title":{"rendered":"FLOSS BAND &#8211; Ta\u015bma guma 1,5mm NIEBIESKA"},"content":{"rendered":"<p><span style=\"font-family: 'Open Sans', sans-serif; font-size: 10pt;\">\u2705 Gumy do \u0107wicze\u0144 FLOSS BAND s\u0105\u00a0<strong>wykonane z najlepszej jako\u015bci lateksu<\/strong><br \/><\/span><span style=\"font-family: 'Open Sans', sans-serif; font-size: 10pt;\">\u2705 Ta\u015bma do flossingu jest\u00a0<strong>ultra elastyczna<\/strong>. Ma\u00a0<strong>zwi\u0119kszon\u0105 rozci\u0105gliwo\u015b\u0107 do 150%<\/strong>. Zapewnia bardzo dobr\u0105 kompresj\u0119 podczas \u0107wicze\u0144.<br \/><\/span><span style=\"font-family: 'Open Sans', sans-serif; font-size: 10pt;\">\u2705 Materia\u0142, z kt\u00f3rego wykonano gum\u0119 do \u0107wicze\u0144,\u00a0<strong>jest wodoodporny<\/strong>.<br \/><\/span><span style=\"font-family: 'Open Sans', sans-serif; font-size: 10pt;\">\u2705 Ta\u015bma kompresyjna jest\u00a0<strong>idealna do przeprowadzenia \u0107wicze\u0144 usprawniaj\u0105cych i rehabilitacyjnych<\/strong>. Zwi\u0119ksza mobilno\u015b\u0107 i rozlu\u017ania mi\u0119\u015bnie.<br \/>\u2705 Kolor czerwony- du\u017cy op\u00f3r<\/span><\/p>\n","protected":false},"excerpt":{"rendered":"<p>YAKIMASPORT<br \/>\nEAN: 5906718236616<\/p>\n","protected":false},"featured_media":3240,"template":"","meta":{"_acf_changed":false},"marka":[145],"product_cat":[130,72,131,61,123],"product_tag":[],"class_list":{"0":"post-3242","1":"product","2":"type-product","3":"status-publish","4":"has-post-thumbnail","6":"marka-yakimasport","7":"product_cat-akcesoria-dla-szkol","8":"product_cat-akcesoria-fitness","9":"product_cat-pozostale-akcesoria-dla-szkol","10":"product_cat-silownia-fitness","11":"product_cat-yakimasport","13":"first","14":"instock","15":"taxable","16":"shipping-taxable","17":"purchasable","18":"product-type-simple"},"acf":[],"_links":{"self":[{"href":"https:\/\/sportyheaven.pl\/en\/wp-json\/wp\/v2\/product\/3242","targetHints":{"allow":["GET"]}}],"collection":[{"href":"https:\/\/sportyheaven.pl\/en\/wp-json\/wp\/v2\/product"}],"about":[{"href":"https:\/\/sportyheaven.pl\/en\/wp-json\/wp\/v2\/types\/product"}],"version-history":[{"count":2,"href":"https:\/\/sportyheaven.pl\/en\/wp-json\/wp\/v2\/product\/3242\/revisions"}],"predecessor-version":[{"id":5831,"href":"https:\/\/sportyheaven.pl\/en\/wp-json\/wp\/v2\/product\/3242\/revisions\/5831"}],"wp:featuredmedia":[{"embeddable":true,"href":"https:\/\/sportyheaven.pl\/en\/wp-json\/wp\/v2\/media\/3240"}],"wp:attachment":[{"href":"https:\/\/sportyheaven.pl\/en\/wp-json\/wp\/v2\/media?parent=3242"}],"wp:term":[{"taxonomy":"marka","embeddable":true,"href":"https:\/\/sportyheaven.pl\/en\/wp-json\/wp\/v2\/marka?post=3242"},{"taxonomy":"product_cat","embeddable":true,"href":"https:\/\/sportyheaven.pl\/en\/wp-json\/wp\/v2\/product_cat?post=3242"},{"taxonomy":"product_tag","embeddable":true,"href":"https:\/\/sportyheaven.pl\/en\/wp-json\/wp\/v2\/product_tag?post=3242"}],"curies":[{"name":"wp","href":"https:\/\/api.w.org\/{rel}","templated":true}]}}