{"id":3233,"date":"2023-12-13T13:18:17","date_gmt":"2023-12-13T12:18:17","guid":{"rendered":"https:\/\/sportyheaven.pl\/produkty\/guma-power-band-gtx-czerwona\/"},"modified":"2025-04-29T08:15:37","modified_gmt":"2025-04-29T06:15:37","slug":"guma-power-band-gtx-czerwona","status":"publish","type":"product","link":"https:\/\/sportyheaven.pl\/en\/sklep\/guma-power-band-gtx-czerwona\/","title":{"rendered":"Guma Power Band GTX &#8211; czerwona"},"content":{"rendered":"<p><span style=\"font-family: 'Open Sans', sans-serif; font-size: 10pt;\">\u2705 Gumy do \u0107wicze\u0144 POWER BAND s\u0105\u00a0<strong>wykonane z najlepszej jako\u015bci lateksu<\/strong>.<\/span><br \/><span style=\"font-family: 'Open Sans', sans-serif; font-size: 10pt;\">\u2705 Model ma\u00a0<strong>zwi\u0119kszon\u0105 odporno\u015b\u0107 na rozci\u0105ganie i jest spr\u0119\u017cysty<\/strong>. Zapewnia bardzo doby op\u00f3r podczas \u0107wicze\u0144.<\/span><br \/><span style=\"font-family: 'Open Sans', sans-serif; font-size: 10pt;\">\u2705 Materia\u0142, z kt\u00f3rego wykonano gum\u0119 do \u0107wicze\u0144,\u00a0<strong>jest wodoodporny<\/strong>.<\/span><br \/><span style=\"font-family: 'Open Sans', sans-serif; font-size: 10pt;\">\u2705 Gumy oporowe s\u0105\u00a0<strong>idealne do przeprowadzenia treningu obwodowego<\/strong>. Anga\u017cuj\u0105 mi\u0119\u015bnie do wi\u0119kszej pracy.<\/span><br \/><span style=\"font-family: 'Open Sans', sans-serif; font-size: 10pt;\">\u2705 <\/span><strong><span style=\"font-family: 'Open Sans', sans-serif; font-size: 10pt;\">Odpowiedni zar\u00f3wno dla sportowc\u00f3w rekreacyjnych, jak i profesjonalnych<\/span><br \/><span style=\"font-family: 'Open Sans', sans-serif; font-size: 10pt;\">\u2705 Kolor czerwony- \u015bredni op\u00f3r<\/span><\/p>\n<p><\/strong><\/p>\n","protected":false},"excerpt":{"rendered":"<p>YAKIMASPORT<br \/>\nEAN: 5903137554840<\/p>\n","protected":false},"featured_media":3231,"template":"","meta":{"_acf_changed":false},"marka":[145],"product_cat":[130,131,123,61,72],"product_tag":[],"class_list":{"0":"post-3233","1":"product","2":"type-product","3":"status-publish","4":"has-post-thumbnail","6":"marka-yakimasport","7":"product_cat-akcesoria-dla-szkol","8":"product_cat-pozostale-akcesoria-dla-szkol","9":"product_cat-yakimasport","10":"product_cat-silownia-fitness","11":"product_cat-akcesoria-fitness","13":"first","14":"instock","15":"taxable","16":"shipping-taxable","17":"purchasable","18":"product-type-simple"},"acf":[],"_links":{"self":[{"href":"https:\/\/sportyheaven.pl\/en\/wp-json\/wp\/v2\/product\/3233","targetHints":{"allow":["GET"]}}],"collection":[{"href":"https:\/\/sportyheaven.pl\/en\/wp-json\/wp\/v2\/product"}],"about":[{"href":"https:\/\/sportyheaven.pl\/en\/wp-json\/wp\/v2\/types\/product"}],"version-history":[{"count":1,"href":"https:\/\/sportyheaven.pl\/en\/wp-json\/wp\/v2\/product\/3233\/revisions"}],"predecessor-version":[{"id":5829,"href":"https:\/\/sportyheaven.pl\/en\/wp-json\/wp\/v2\/product\/3233\/revisions\/5829"}],"wp:featuredmedia":[{"embeddable":true,"href":"https:\/\/sportyheaven.pl\/en\/wp-json\/wp\/v2\/media\/3231"}],"wp:attachment":[{"href":"https:\/\/sportyheaven.pl\/en\/wp-json\/wp\/v2\/media?parent=3233"}],"wp:term":[{"taxonomy":"marka","embeddable":true,"href":"https:\/\/sportyheaven.pl\/en\/wp-json\/wp\/v2\/marka?post=3233"},{"taxonomy":"product_cat","embeddable":true,"href":"https:\/\/sportyheaven.pl\/en\/wp-json\/wp\/v2\/product_cat?post=3233"},{"taxonomy":"product_tag","embeddable":true,"href":"https:\/\/sportyheaven.pl\/en\/wp-json\/wp\/v2\/product_tag?post=3233"}],"curies":[{"name":"wp","href":"https:\/\/api.w.org\/{rel}","templated":true}]}}