{"id":3230,"date":"2023-12-13T13:18:17","date_gmt":"2023-12-13T12:18:17","guid":{"rendered":"https:\/\/sportyheaven.pl\/produkty\/guma-fitness-zestaw-20-gum-zielone-najwiekszy-opor\/"},"modified":"2024-07-13T04:00:30","modified_gmt":"2024-07-13T02:00:30","slug":"guma-fitness-zestaw-20-gum-zielone-najwiekszy-opor","status":"publish","type":"product","link":"https:\/\/sportyheaven.pl\/en\/sklep\/guma-fitness-zestaw-20-gum-zielone-najwiekszy-opor\/","title":{"rendered":"Guma fitness &#8211; zestaw 20 gum ZIELONE najwi\u0119kszy op\u00f3r"},"content":{"rendered":"<p><span style=\"font-size: 12pt; font-family: arial, helvetica, sans-serif;\"><strong>Guma fitness &#8211; zestaw<br \/><\/strong><\/span><br \/><span style=\"font-size: 12pt; font-family: arial, helvetica, sans-serif;\">Guma fitness jest to wszechstronne narz\u0119dzie treningowe, kt\u00f3re mo\u017ce by\u0107 stosowane w celu zwi\u0119kszenia wytrzyma\u0142o\u015bci i stabilno\u015bci w g\u00f3rnej i dolnej cz\u0119\u015bci cia\u0142a. S\u0105 idealne do \u0107wicze\u0144 ruchowych. <br \/><\/span><\/p>\n<div>\n<p><span style=\"font-size: 12pt; font-family: arial, helvetica, sans-serif;\">Gumy do \u0107wicze\u0144 produkowane s\u0105 z materia\u0142\u00f3w najwy\u017cszego gatunku. Dzi\u0119ki dba\u0142o\u015bci o jako\u015b\u0107 materia\u0142\u00f3w, nasze produkty charakteryzuj\u0105 si\u0119 wysok\u0105 odporno\u015bci\u0105 na rozerwania oraz uszkodzenia, nawet podczas intensywnych trening\u00f3w w trudnych warunkach.<\/span><\/p>\n<\/div>\n<p><span style=\"font-size: 12pt; font-family: arial, helvetica, sans-serif;\"><br \/><strong>Specyfikacja:<\/strong><\/p>\n<p>&#8211; zielone &#8211; najwi\u0119kszy op\u00f3r, <br \/>&#8211; grubo\u015b\u0107 1,3 mm<br \/>&#8211; op\u00f3r 18-20 kg<br \/>&#8211; cena dotyczy 20\u00a0gum<br \/>&#8211; wymiary: 50&#215;5 cm<\/span><br \/><span style=\"font-size: 12pt; font-family: arial, helvetica, sans-serif;\"><br \/><\/span><\/p>\n<p><span style=\"font-size: 12pt; font-family: arial, helvetica, sans-serif;\"><span id=\"result_box\">Kod produktu:\u00a0\u00a0100250<\/span><\/span><\/p>\n<p><span style=\"font-size: 11pt;\"><span style=\"font-family: sans-serif;\" xml:lang=\"pl\" lang=\"pl\"><br \/><\/span><\/span><\/p>\n","protected":false},"excerpt":{"rendered":"<p>YAKIMASPORT<br \/>\nEAN: 5906718236098<\/p>\n","protected":false},"featured_media":3228,"template":"","meta":{"_acf_changed":false},"marka":[145],"product_cat":[130,131,123,61,72],"product_tag":[],"class_list":{"0":"post-3230","1":"product","2":"type-product","3":"status-publish","4":"has-post-thumbnail","6":"marka-yakimasport","7":"product_cat-akcesoria-dla-szkol","8":"product_cat-pozostale-akcesoria-dla-szkol","9":"product_cat-yakimasport","10":"product_cat-silownia-fitness","11":"product_cat-akcesoria-fitness","13":"first","14":"instock","15":"taxable","16":"shipping-taxable","17":"purchasable","18":"product-type-simple"},"acf":[],"_links":{"self":[{"href":"https:\/\/sportyheaven.pl\/en\/wp-json\/wp\/v2\/product\/3230","targetHints":{"allow":["GET"]}}],"collection":[{"href":"https:\/\/sportyheaven.pl\/en\/wp-json\/wp\/v2\/product"}],"about":[{"href":"https:\/\/sportyheaven.pl\/en\/wp-json\/wp\/v2\/types\/product"}],"version-history":[{"count":1,"href":"https:\/\/sportyheaven.pl\/en\/wp-json\/wp\/v2\/product\/3230\/revisions"}],"predecessor-version":[{"id":5552,"href":"https:\/\/sportyheaven.pl\/en\/wp-json\/wp\/v2\/product\/3230\/revisions\/5552"}],"wp:featuredmedia":[{"embeddable":true,"href":"https:\/\/sportyheaven.pl\/en\/wp-json\/wp\/v2\/media\/3228"}],"wp:attachment":[{"href":"https:\/\/sportyheaven.pl\/en\/wp-json\/wp\/v2\/media?parent=3230"}],"wp:term":[{"taxonomy":"marka","embeddable":true,"href":"https:\/\/sportyheaven.pl\/en\/wp-json\/wp\/v2\/marka?post=3230"},{"taxonomy":"product_cat","embeddable":true,"href":"https:\/\/sportyheaven.pl\/en\/wp-json\/wp\/v2\/product_cat?post=3230"},{"taxonomy":"product_tag","embeddable":true,"href":"https:\/\/sportyheaven.pl\/en\/wp-json\/wp\/v2\/product_tag?post=3230"}],"curies":[{"name":"wp","href":"https:\/\/api.w.org\/{rel}","templated":true}]}}