{"id":3224,"date":"2023-12-13T13:18:14","date_gmt":"2023-12-13T12:18:14","guid":{"rendered":"https:\/\/sportyheaven.pl\/produkty\/guma-fitness-zestaw-20-gum-czerwone-sredni-opor\/"},"modified":"2025-04-29T08:15:37","modified_gmt":"2025-04-29T06:15:37","slug":"guma-fitness-zestaw-20-gum-czerwone-sredni-opor","status":"publish","type":"product","link":"https:\/\/sportyheaven.pl\/en\/sklep\/guma-fitness-zestaw-20-gum-czerwone-sredni-opor\/","title":{"rendered":"Guma fitness &#8211; zestaw 20 gum CZERWONE \u015bredni op\u00f3r"},"content":{"rendered":"<p><span style=\"font-family: 'Open Sans', sans-serif; font-size: 10pt;\">\u2705 W sk\u0142ad zestawu wchodzi 20 gum. Idealne dla szk\u00f3\u0142ek i klub\u00f3w pi\u0142karskich<\/span><br \/><span style=\"font-family: 'Open Sans', sans-serif; font-size: 10pt;\">\u2705 Kolor czerwony- op\u00f3r \u015bredni<\/span><\/p>\n","protected":false},"excerpt":{"rendered":"<p>YAKIMASPORT<br \/>\nEAN: 5903137554727<\/p>\n","protected":false},"featured_media":3222,"template":"","meta":{"_acf_changed":false},"marka":[145],"product_cat":[130,131,123,61,72],"product_tag":[],"class_list":{"0":"post-3224","1":"product","2":"type-product","3":"status-publish","4":"has-post-thumbnail","6":"marka-yakimasport","7":"product_cat-akcesoria-dla-szkol","8":"product_cat-pozostale-akcesoria-dla-szkol","9":"product_cat-yakimasport","10":"product_cat-silownia-fitness","11":"product_cat-akcesoria-fitness","13":"first","14":"instock","15":"taxable","16":"shipping-taxable","17":"purchasable","18":"product-type-simple"},"acf":[],"_links":{"self":[{"href":"https:\/\/sportyheaven.pl\/en\/wp-json\/wp\/v2\/product\/3224","targetHints":{"allow":["GET"]}}],"collection":[{"href":"https:\/\/sportyheaven.pl\/en\/wp-json\/wp\/v2\/product"}],"about":[{"href":"https:\/\/sportyheaven.pl\/en\/wp-json\/wp\/v2\/types\/product"}],"version-history":[{"count":2,"href":"https:\/\/sportyheaven.pl\/en\/wp-json\/wp\/v2\/product\/3224\/revisions"}],"predecessor-version":[{"id":5821,"href":"https:\/\/sportyheaven.pl\/en\/wp-json\/wp\/v2\/product\/3224\/revisions\/5821"}],"wp:featuredmedia":[{"embeddable":true,"href":"https:\/\/sportyheaven.pl\/en\/wp-json\/wp\/v2\/media\/3222"}],"wp:attachment":[{"href":"https:\/\/sportyheaven.pl\/en\/wp-json\/wp\/v2\/media?parent=3224"}],"wp:term":[{"taxonomy":"marka","embeddable":true,"href":"https:\/\/sportyheaven.pl\/en\/wp-json\/wp\/v2\/marka?post=3224"},{"taxonomy":"product_cat","embeddable":true,"href":"https:\/\/sportyheaven.pl\/en\/wp-json\/wp\/v2\/product_cat?post=3224"},{"taxonomy":"product_tag","embeddable":true,"href":"https:\/\/sportyheaven.pl\/en\/wp-json\/wp\/v2\/product_tag?post=3224"}],"curies":[{"name":"wp","href":"https:\/\/api.w.org\/{rel}","templated":true}]}}