{"id":3215,"date":"2023-12-13T13:18:07","date_gmt":"2023-12-13T12:18:07","guid":{"rendered":"https:\/\/sportyheaven.pl\/produkty\/pasy-treningowe-pro-suspension-training\/"},"modified":"2025-04-29T08:08:58","modified_gmt":"2025-04-29T06:08:58","slug":"pasy-treningowe-pro-suspension-training","status":"publish","type":"product","link":"https:\/\/sportyheaven.pl\/en\/sklep\/pasy-treningowe-pro-suspension-training\/","title":{"rendered":"Pasy treningowe PRO, Suspension Training"},"content":{"rendered":"<p><span style=\"font-family: 'Open Sans', sans-serif; font-size: 10pt;\">\u2705 Zapewnia wszechstronny trening nawet w domowych warunkach<\/span><br \/><span style=\"font-family: 'Open Sans', sans-serif; font-size: 10pt;\">\u2705 Kszta\u0142tuje wszystkie cechy motoryczne \u2013 si\u0142\u0119, wytrzyma\u0142o\u015b\u0107, szybko\u015b\u0107 oraz moc<\/span><br \/><span style=\"font-family: 'Open Sans', sans-serif; font-size: 10pt;\"> \u2705\u00a0Trening na ta\u015bmach jest stosowany tak\u017ce w rehabilitacji i profilaktyce b\u00f3l\u00f3w kr\u0119gos\u0142upa<\/span><\/p>\n","protected":false},"excerpt":{"rendered":"<p>YAKIMASPORT<br \/>\nEAN: <\/p>\n","protected":false},"featured_media":3213,"template":"","meta":{"_acf_changed":false},"marka":[145],"product_cat":[123,61,72],"product_tag":[],"class_list":{"0":"post-3215","1":"product","2":"type-product","3":"status-publish","4":"has-post-thumbnail","6":"marka-yakimasport","7":"product_cat-yakimasport","8":"product_cat-silownia-fitness","9":"product_cat-akcesoria-fitness","11":"first","12":"instock","13":"taxable","14":"shipping-taxable","15":"purchasable","16":"product-type-simple"},"acf":[],"_links":{"self":[{"href":"https:\/\/sportyheaven.pl\/en\/wp-json\/wp\/v2\/product\/3215","targetHints":{"allow":["GET"]}}],"collection":[{"href":"https:\/\/sportyheaven.pl\/en\/wp-json\/wp\/v2\/product"}],"about":[{"href":"https:\/\/sportyheaven.pl\/en\/wp-json\/wp\/v2\/types\/product"}],"version-history":[{"count":2,"href":"https:\/\/sportyheaven.pl\/en\/wp-json\/wp\/v2\/product\/3215\/revisions"}],"predecessor-version":[{"id":5784,"href":"https:\/\/sportyheaven.pl\/en\/wp-json\/wp\/v2\/product\/3215\/revisions\/5784"}],"wp:featuredmedia":[{"embeddable":true,"href":"https:\/\/sportyheaven.pl\/en\/wp-json\/wp\/v2\/media\/3213"}],"wp:attachment":[{"href":"https:\/\/sportyheaven.pl\/en\/wp-json\/wp\/v2\/media?parent=3215"}],"wp:term":[{"taxonomy":"marka","embeddable":true,"href":"https:\/\/sportyheaven.pl\/en\/wp-json\/wp\/v2\/marka?post=3215"},{"taxonomy":"product_cat","embeddable":true,"href":"https:\/\/sportyheaven.pl\/en\/wp-json\/wp\/v2\/product_cat?post=3215"},{"taxonomy":"product_tag","embeddable":true,"href":"https:\/\/sportyheaven.pl\/en\/wp-json\/wp\/v2\/product_tag?post=3215"}],"curies":[{"name":"wp","href":"https:\/\/api.w.org\/{rel}","templated":true}]}}