{"id":3212,"date":"2023-12-13T13:18:07","date_gmt":"2023-12-13T12:18:07","guid":{"rendered":"https:\/\/sportyheaven.pl\/produkty\/guma-do-cwiczen-klatki-piersiowej-do-pompek\/"},"modified":"2025-04-29T08:08:58","modified_gmt":"2025-04-29T06:08:58","slug":"guma-do-cwiczen-klatki-piersiowej-do-pompek","status":"publish","type":"product","link":"https:\/\/sportyheaven.pl\/en\/sklep\/guma-do-cwiczen-klatki-piersiowej-do-pompek\/","title":{"rendered":"Guma do \u0107wicze\u0144 klatki piersiowej, Gumy oporowe"},"content":{"rendered":"<p><span style=\"font-family: 'Open Sans', sans-serif; font-size: 10pt;\">\u2705 Idealny przyrz\u0105d do u\u017cytku domowego<\/span><br \/><span style=\"font-family: 'Open Sans', sans-serif; font-size: 10pt;\">\u2705 Przyrz\u0105d mo\u017ce by\u0107 stosowany na ka\u017cdym poziomie zaawansowania<\/span><br \/><span style=\"font-family: 'Open Sans', sans-serif; font-size: 10pt;\">\u2705 Mo\u017cliwo\u015b\u0107 wypi\u0119cia poszczeg\u00f3lnych gum aby dostosowa\u0107 obci\u0105\u017cenia<\/span><\/p>\n","protected":false},"excerpt":{"rendered":"<p>YAKIMASPORT<br \/>\nEAN: 5906718236937<\/p>\n","protected":false},"featured_media":5781,"template":"","meta":{"_acf_changed":false},"marka":[145],"product_cat":[325,324,367],"product_tag":[],"class_list":{"0":"post-3212","1":"product","2":"type-product","3":"status-publish","4":"has-post-thumbnail","6":"marka-yakimasport","7":"product_cat-fitness-accessories","8":"product_cat-gym-fitness","9":"product_cat-yakimasport-en","11":"first","12":"instock","13":"taxable","14":"shipping-taxable","15":"purchasable","16":"product-type-simple"},"acf":{"informacje_o_zakupach":"Bezpieczne zakupy, 12 miesi\u0119czna gwarancja!","informacje_o_dostawie_ys":"Szybka realizacja zam\u00f3wienia i dostawa","informacje_o_zwrocie":"14-dniowa mo\u017cliwo\u015b\u0107 zwrotu!"},"_links":{"self":[{"href":"https:\/\/sportyheaven.pl\/en\/wp-json\/wp\/v2\/product\/3212","targetHints":{"allow":["GET"]}}],"collection":[{"href":"https:\/\/sportyheaven.pl\/en\/wp-json\/wp\/v2\/product"}],"about":[{"href":"https:\/\/sportyheaven.pl\/en\/wp-json\/wp\/v2\/types\/product"}],"version-history":[{"count":1,"href":"https:\/\/sportyheaven.pl\/en\/wp-json\/wp\/v2\/product\/3212\/revisions"}],"predecessor-version":[{"id":5783,"href":"https:\/\/sportyheaven.pl\/en\/wp-json\/wp\/v2\/product\/3212\/revisions\/5783"}],"wp:featuredmedia":[{"embeddable":true,"href":"https:\/\/sportyheaven.pl\/en\/wp-json\/wp\/v2\/media\/5781"}],"wp:attachment":[{"href":"https:\/\/sportyheaven.pl\/en\/wp-json\/wp\/v2\/media?parent=3212"}],"wp:term":[{"taxonomy":"marka","embeddable":true,"href":"https:\/\/sportyheaven.pl\/en\/wp-json\/wp\/v2\/marka?post=3212"},{"taxonomy":"product_cat","embeddable":true,"href":"https:\/\/sportyheaven.pl\/en\/wp-json\/wp\/v2\/product_cat?post=3212"},{"taxonomy":"product_tag","embeddable":true,"href":"https:\/\/sportyheaven.pl\/en\/wp-json\/wp\/v2\/product_tag?post=3212"}],"curies":[{"name":"wp","href":"https:\/\/api.w.org\/{rel}","templated":true}]}}