{"id":3200,"date":"2023-12-13T13:18:02","date_gmt":"2023-12-13T12:18:02","guid":{"rendered":"https:\/\/sportyheaven.pl\/produkty\/t-pro-pasy-do-cwiczen-ustawienia-formacji\/"},"modified":"2025-04-29T08:05:19","modified_gmt":"2025-04-29T06:05:19","slug":"t-pro-pasy-do-cwiczen-ustawienia-formacji","status":"publish","type":"product","link":"https:\/\/sportyheaven.pl\/en\/sklep\/t-pro-pasy-do-cwiczen-ustawienia-formacji\/","title":{"rendered":"T-PRO Pasy do \u0107wicze\u0144 ustawienia formacji"},"content":{"rendered":"<p><span style=\"font-family: 'Open Sans', sans-serif; font-size: 10pt;\"><strong>Pasy T-PRO<\/p>\n<p><\/strong>&#8211; Pasy T-PRO dla zawodnik\u00f3w w linii.<\/span><br \/><span style=\"font-size: 10pt; font-family: 'Open Sans', sans-serif;\">&#8211; Pasy utrzymuj\u0105 formacj\u0119 w poprawnym ustawieniu.<\/span><br \/><span style=\"font-size: 10pt; font-family: 'Open Sans', sans-serif;\">&#8211; Je\u015bli kt\u00f3ry\u015b zawodnik si\u0119 \u017ale przesunie, to od razu odczuje poci\u0105gni\u0119cie pasa.<\/span><br \/><span style=\"font-size: 10pt; font-family: 'Open Sans', sans-serif;\">&#8211; Pomagaj\u0105 tworzy\u0107 innowacyjny trening praktyczny na boisku dla ca\u0142ej 4-osobowej formacji.<\/span><\/p>\n<p><span style=\"font-size: 10pt; font-family: 'Open Sans', sans-serif;\">Kod produktu: 100173<\/span><\/p>\n","protected":false},"excerpt":{"rendered":"<p>YAKIMASPORT<br \/>\nEAN: 5903137554987<\/p>\n","protected":false},"featured_media":3198,"template":"","meta":{"_acf_changed":false},"marka":[],"product_cat":[292,299,367],"product_tag":[],"class_list":{"0":"post-3200","1":"product","2":"type-product","3":"status-publish","4":"has-post-thumbnail","6":"product_cat-football","7":"product_cat-football-training-equipment","8":"product_cat-yakimasport-en","10":"first","11":"instock","12":"taxable","13":"shipping-taxable","14":"purchasable","15":"product-type-simple"},"acf":[],"_links":{"self":[{"href":"https:\/\/sportyheaven.pl\/en\/wp-json\/wp\/v2\/product\/3200","targetHints":{"allow":["GET"]}}],"collection":[{"href":"https:\/\/sportyheaven.pl\/en\/wp-json\/wp\/v2\/product"}],"about":[{"href":"https:\/\/sportyheaven.pl\/en\/wp-json\/wp\/v2\/types\/product"}],"version-history":[{"count":1,"href":"https:\/\/sportyheaven.pl\/en\/wp-json\/wp\/v2\/product\/3200\/revisions"}],"predecessor-version":[{"id":5941,"href":"https:\/\/sportyheaven.pl\/en\/wp-json\/wp\/v2\/product\/3200\/revisions\/5941"}],"wp:featuredmedia":[{"embeddable":true,"href":"https:\/\/sportyheaven.pl\/en\/wp-json\/wp\/v2\/media\/3198"}],"wp:attachment":[{"href":"https:\/\/sportyheaven.pl\/en\/wp-json\/wp\/v2\/media?parent=3200"}],"wp:term":[{"taxonomy":"marka","embeddable":true,"href":"https:\/\/sportyheaven.pl\/en\/wp-json\/wp\/v2\/marka?post=3200"},{"taxonomy":"product_cat","embeddable":true,"href":"https:\/\/sportyheaven.pl\/en\/wp-json\/wp\/v2\/product_cat?post=3200"},{"taxonomy":"product_tag","embeddable":true,"href":"https:\/\/sportyheaven.pl\/en\/wp-json\/wp\/v2\/product_tag?post=3200"}],"curies":[{"name":"wp","href":"https:\/\/api.w.org\/{rel}","templated":true}]}}