{"id":3197,"date":"2023-12-13T13:18:01","date_gmt":"2023-12-13T12:18:01","guid":{"rendered":"https:\/\/sportyheaven.pl\/produkty\/guma-do-treningu-sily-dynamicznej\/"},"modified":"2025-04-29T08:05:19","modified_gmt":"2025-04-29T06:05:19","slug":"guma-do-treningu-sily-dynamicznej","status":"publish","type":"product","link":"https:\/\/sportyheaven.pl\/en\/sklep\/guma-do-treningu-sily-dynamicznej\/","title":{"rendered":"Guma do treningu si\u0142y dynamicznej"},"content":{"rendered":"<p><span style=\"font-family: 'Open Sans', sans-serif; font-size: 10pt;\">\u2705\u00a0Doskona\u0142a do treningu plyometrycznego<\/span><br \/><span style=\"font-family: 'Open Sans', sans-serif; font-size: 10pt;\">\u2705 Sprawdza si\u0119 w r\u00f3\u017cnych dyscyplinach sportowych<\/span><br \/><span style=\"font-family: 'Open Sans', sans-serif; font-size: 10pt;\">\u2705 Zestaw zawiera dwie gumy oporowe oraz pas biodrowy<\/span><\/p>\n","protected":false},"excerpt":{"rendered":"<p>YAKIMASPORT<br \/>\nEAN: 5903137554369<\/p>\n","protected":false},"featured_media":5798,"template":"","meta":{"_acf_changed":false},"marka":[145],"product_cat":[123,61,72],"product_tag":[],"class_list":{"0":"post-3197","1":"product","2":"type-product","3":"status-publish","4":"has-post-thumbnail","6":"marka-yakimasport","7":"product_cat-yakimasport","8":"product_cat-silownia-fitness","9":"product_cat-akcesoria-fitness","11":"first","12":"instock","13":"taxable","14":"shipping-taxable","15":"purchasable","16":"product-type-simple"},"acf":[],"_links":{"self":[{"href":"https:\/\/sportyheaven.pl\/en\/wp-json\/wp\/v2\/product\/3197","targetHints":{"allow":["GET"]}}],"collection":[{"href":"https:\/\/sportyheaven.pl\/en\/wp-json\/wp\/v2\/product"}],"about":[{"href":"https:\/\/sportyheaven.pl\/en\/wp-json\/wp\/v2\/types\/product"}],"version-history":[{"count":1,"href":"https:\/\/sportyheaven.pl\/en\/wp-json\/wp\/v2\/product\/3197\/revisions"}],"predecessor-version":[{"id":5800,"href":"https:\/\/sportyheaven.pl\/en\/wp-json\/wp\/v2\/product\/3197\/revisions\/5800"}],"wp:featuredmedia":[{"embeddable":true,"href":"https:\/\/sportyheaven.pl\/en\/wp-json\/wp\/v2\/media\/5798"}],"wp:attachment":[{"href":"https:\/\/sportyheaven.pl\/en\/wp-json\/wp\/v2\/media?parent=3197"}],"wp:term":[{"taxonomy":"marka","embeddable":true,"href":"https:\/\/sportyheaven.pl\/en\/wp-json\/wp\/v2\/marka?post=3197"},{"taxonomy":"product_cat","embeddable":true,"href":"https:\/\/sportyheaven.pl\/en\/wp-json\/wp\/v2\/product_cat?post=3197"},{"taxonomy":"product_tag","embeddable":true,"href":"https:\/\/sportyheaven.pl\/en\/wp-json\/wp\/v2\/product_tag?post=3197"}],"curies":[{"name":"wp","href":"https:\/\/api.w.org\/{rel}","templated":true}]}}