{"id":3194,"date":"2023-12-13T13:18:01","date_gmt":"2023-12-13T12:18:01","guid":{"rendered":"https:\/\/sportyheaven.pl\/produkty\/pasy-do-treningu-1-na-1\/"},"modified":"2025-04-29T08:05:18","modified_gmt":"2025-04-29T06:05:18","slug":"pasy-do-treningu-1-na-1","status":"publish","type":"product","link":"https:\/\/sportyheaven.pl\/en\/sklep\/pasy-do-treningu-1-na-1\/","title":{"rendered":"Pasy do treningu 1 na 1"},"content":{"rendered":"<p><span style=\"font-family: 'Open Sans', sans-serif; font-size: 10pt;\">\u2705\u00a0Doskonale poprawia czas reakcji<\/span><br \/><span style=\"font-family: 'Open Sans', sans-serif; font-size: 10pt;\">\u2705 Podczas\u00a0\u0107wiczenia zawodnik wiod\u0105cy d\u0105\u017cy do zerwania po\u0142\u0105czenia pas\u00f3w poprzez odej\u015bcie na odpowiedni\u0105 odleg\u0142o\u015b\u0107<\/span><\/p>\n","protected":false},"excerpt":{"rendered":"<p>YAKIMASPORT<br \/>\nEAN: 5903137554079<\/p>\n","protected":false},"featured_media":5400,"template":"","meta":{"_acf_changed":false},"marka":[145],"product_cat":[123,61,72],"product_tag":[],"class_list":{"0":"post-3194","1":"product","2":"type-product","3":"status-publish","4":"has-post-thumbnail","6":"marka-yakimasport","7":"product_cat-yakimasport","8":"product_cat-silownia-fitness","9":"product_cat-akcesoria-fitness","11":"first","12":"instock","13":"taxable","14":"shipping-taxable","15":"purchasable","16":"product-type-simple"},"acf":[],"_links":{"self":[{"href":"https:\/\/sportyheaven.pl\/en\/wp-json\/wp\/v2\/product\/3194","targetHints":{"allow":["GET"]}}],"collection":[{"href":"https:\/\/sportyheaven.pl\/en\/wp-json\/wp\/v2\/product"}],"about":[{"href":"https:\/\/sportyheaven.pl\/en\/wp-json\/wp\/v2\/types\/product"}],"version-history":[{"count":2,"href":"https:\/\/sportyheaven.pl\/en\/wp-json\/wp\/v2\/product\/3194\/revisions"}],"predecessor-version":[{"id":5797,"href":"https:\/\/sportyheaven.pl\/en\/wp-json\/wp\/v2\/product\/3194\/revisions\/5797"}],"wp:featuredmedia":[{"embeddable":true,"href":"https:\/\/sportyheaven.pl\/en\/wp-json\/wp\/v2\/media\/5400"}],"wp:attachment":[{"href":"https:\/\/sportyheaven.pl\/en\/wp-json\/wp\/v2\/media?parent=3194"}],"wp:term":[{"taxonomy":"marka","embeddable":true,"href":"https:\/\/sportyheaven.pl\/en\/wp-json\/wp\/v2\/marka?post=3194"},{"taxonomy":"product_cat","embeddable":true,"href":"https:\/\/sportyheaven.pl\/en\/wp-json\/wp\/v2\/product_cat?post=3194"},{"taxonomy":"product_tag","embeddable":true,"href":"https:\/\/sportyheaven.pl\/en\/wp-json\/wp\/v2\/product_tag?post=3194"}],"curies":[{"name":"wp","href":"https:\/\/api.w.org\/{rel}","templated":true}]}}