{"id":3188,"date":"2023-12-13T13:17:57","date_gmt":"2023-12-13T12:17:57","guid":{"rendered":"https:\/\/sportyheaven.pl\/produkty\/guma-do-treningu-silowego-typu-pajak\/"},"modified":"2025-04-29T07:44:18","modified_gmt":"2025-04-29T05:44:18","slug":"guma-do-treningu-silowego-typu-pajak","status":"publish","type":"product","link":"https:\/\/sportyheaven.pl\/en\/sklep\/guma-do-treningu-silowego-typu-pajak\/","title":{"rendered":"Guma do treningu si\u0142owego typu &#8220;Paj\u0105k&#8221;"},"content":{"rendered":"<p><span style=\"font-family: 'Open Sans', sans-serif; font-size: 10pt;\">\u2705 Zestaw sk\u0142ada si\u0119 z 4\u00a0niezale\u017cnych gum oporowych na r\u0119ce i nogi<\/span><br \/><span style=\"font-family: 'Open Sans', sans-serif; font-size: 10pt;\">\u2705 Dostarcza sta\u0142e obci\u0105\u017cenie przez ca\u0142y, pe\u0142ny ruch zawodnika<\/span><br \/><span style=\"font-family: 'Open Sans', sans-serif; font-size: 10pt;\">\u2705 Niezast\u0105piony w treningu wydolno\u015bci i si\u0142y zawodnika<\/span><\/p>\n","protected":false},"excerpt":{"rendered":"<p>YAKIMASPORT<br \/>\nEAN: 5903137554963<\/p>\n","protected":false},"featured_media":5396,"template":"","meta":{"_acf_changed":false},"marka":[],"product_cat":[123,74,82],"product_tag":[],"class_list":{"0":"post-3188","1":"product","2":"type-product","3":"status-publish","4":"has-post-thumbnail","6":"product_cat-yakimasport","7":"product_cat-pilka-nozna","8":"product_cat-sprzet-treningowy-pilka-nozna","10":"first","11":"instock","12":"taxable","13":"shipping-taxable","14":"purchasable","15":"product-type-simple"},"acf":[],"_links":{"self":[{"href":"https:\/\/sportyheaven.pl\/en\/wp-json\/wp\/v2\/product\/3188","targetHints":{"allow":["GET"]}}],"collection":[{"href":"https:\/\/sportyheaven.pl\/en\/wp-json\/wp\/v2\/product"}],"about":[{"href":"https:\/\/sportyheaven.pl\/en\/wp-json\/wp\/v2\/types\/product"}],"version-history":[{"count":1,"href":"https:\/\/sportyheaven.pl\/en\/wp-json\/wp\/v2\/product\/3188\/revisions"}],"predecessor-version":[{"id":5943,"href":"https:\/\/sportyheaven.pl\/en\/wp-json\/wp\/v2\/product\/3188\/revisions\/5943"}],"wp:featuredmedia":[{"embeddable":true,"href":"https:\/\/sportyheaven.pl\/en\/wp-json\/wp\/v2\/media\/5396"}],"wp:attachment":[{"href":"https:\/\/sportyheaven.pl\/en\/wp-json\/wp\/v2\/media?parent=3188"}],"wp:term":[{"taxonomy":"marka","embeddable":true,"href":"https:\/\/sportyheaven.pl\/en\/wp-json\/wp\/v2\/marka?post=3188"},{"taxonomy":"product_cat","embeddable":true,"href":"https:\/\/sportyheaven.pl\/en\/wp-json\/wp\/v2\/product_cat?post=3188"},{"taxonomy":"product_tag","embeddable":true,"href":"https:\/\/sportyheaven.pl\/en\/wp-json\/wp\/v2\/product_tag?post=3188"}],"curies":[{"name":"wp","href":"https:\/\/api.w.org\/{rel}","templated":true}]}}