{"id":3184,"date":"2023-12-13T13:17:55","date_gmt":"2023-12-13T12:17:55","guid":{"rendered":"https:\/\/sportyheaven.pl\/produkty\/pas-do-treningu-szybkosciowego-tasma\/"},"modified":"2025-04-29T07:44:18","modified_gmt":"2025-04-29T05:44:18","slug":"pas-do-treningu-szybkosciowego-tasma","status":"publish","type":"product","link":"https:\/\/sportyheaven.pl\/en\/sklep\/pas-do-treningu-szybkosciowego-tasma\/","title":{"rendered":"Pas do treningu szybko\u015bciowego (ta\u015bma)"},"content":{"rendered":"<p><span style=\"font-family: 'Open Sans', sans-serif; font-size: 10pt;\">\u2705\u00a0Trener trzymaj\u0105cy ta\u015bm\u0119, kt\u00f3ra si\u0119 nie rozci\u0105ga w pe\u0142ni ma kontrol\u0119 nad obci\u0105\u017ceniem zawodnik<\/span><br \/><span style=\"font-family: 'Open Sans', sans-serif; font-size: 10pt;\">\u2705\u00a0D\u0142ugo\u015b\u0107 ta\u015bmy-\u00a0 2,7 m<\/span><br \/><span style=\"font-family: 'Open Sans', sans-serif; font-size: 10pt;\">\u2705 Niezast\u0105piona w treningu si\u0142y i motoryki<\/span><\/p>\n","protected":false},"excerpt":{"rendered":"<p>YAKIMASPORT<br \/>\nEAN: 5903137554055<\/p>\n","protected":false},"featured_media":5862,"template":"","meta":{"_acf_changed":false},"marka":[],"product_cat":[74,82,123],"product_tag":[],"class_list":{"0":"post-3184","1":"product","2":"type-product","3":"status-publish","4":"has-post-thumbnail","6":"product_cat-pilka-nozna","7":"product_cat-sprzet-treningowy-pilka-nozna","8":"product_cat-yakimasport","10":"first","11":"instock","12":"taxable","13":"shipping-taxable","14":"purchasable","15":"product-type-simple"},"acf":{"informacje_o_zakupach":"Bezpieczne zakupy, 12 miesi\u0119czna gwarancja!","informacje_o_dostawie_ys":"Szybka realizacja zam\u00f3wienia i dostawa","informacje_o_zwrocie":"14-dniowa mo\u017cliwo\u015b\u0107 zwrotu!"},"_links":{"self":[{"href":"https:\/\/sportyheaven.pl\/en\/wp-json\/wp\/v2\/product\/3184","targetHints":{"allow":["GET"]}}],"collection":[{"href":"https:\/\/sportyheaven.pl\/en\/wp-json\/wp\/v2\/product"}],"about":[{"href":"https:\/\/sportyheaven.pl\/en\/wp-json\/wp\/v2\/types\/product"}],"version-history":[{"count":2,"href":"https:\/\/sportyheaven.pl\/en\/wp-json\/wp\/v2\/product\/3184\/revisions"}],"predecessor-version":[{"id":5794,"href":"https:\/\/sportyheaven.pl\/en\/wp-json\/wp\/v2\/product\/3184\/revisions\/5794"}],"wp:featuredmedia":[{"embeddable":true,"href":"https:\/\/sportyheaven.pl\/en\/wp-json\/wp\/v2\/media\/5862"}],"wp:attachment":[{"href":"https:\/\/sportyheaven.pl\/en\/wp-json\/wp\/v2\/media?parent=3184"}],"wp:term":[{"taxonomy":"marka","embeddable":true,"href":"https:\/\/sportyheaven.pl\/en\/wp-json\/wp\/v2\/marka?post=3184"},{"taxonomy":"product_cat","embeddable":true,"href":"https:\/\/sportyheaven.pl\/en\/wp-json\/wp\/v2\/product_cat?post=3184"},{"taxonomy":"product_tag","embeddable":true,"href":"https:\/\/sportyheaven.pl\/en\/wp-json\/wp\/v2\/product_tag?post=3184"}],"curies":[{"name":"wp","href":"https:\/\/api.w.org\/{rel}","templated":true}]}}