{"id":3180,"date":"2023-12-13T13:17:53","date_gmt":"2023-12-13T12:17:53","guid":{"rendered":"https:\/\/sportyheaven.pl\/produkty\/guma-do-treningu-szybkosciowego\/"},"modified":"2025-04-29T07:44:18","modified_gmt":"2025-04-29T05:44:18","slug":"guma-do-treningu-szybkosciowego","status":"publish","type":"product","link":"https:\/\/sportyheaven.pl\/en\/sklep\/guma-do-treningu-szybkosciowego\/","title":{"rendered":"Guma do treningu szybko\u015bciowego"},"content":{"rendered":"<p><span style=\"font-family: 'Open Sans', sans-serif; font-size: 10pt;\">\u2705\u00a0D\u0142ugo\u015b\u0107 gumy &#8211; 3m, po rozci\u0105gni\u0119ciu &#8211; 7m<\/span><br \/><span style=\"font-family: 'Open Sans', sans-serif; font-size: 10pt;\">\u2705\u00a0Guma\u00a0zapewnia doskona\u0142y trening szybko\u015bci i si\u0142y zawodnika<\/span><\/p>\n","protected":false},"excerpt":{"rendered":"<p>YAKIMASPORT<br \/>\nEAN: 5903137554406<\/p>\n","protected":false},"featured_media":5390,"template":"","meta":{"_acf_changed":false},"marka":[],"product_cat":[74,82,123],"product_tag":[],"class_list":{"0":"post-3180","1":"product","2":"type-product","3":"status-publish","4":"has-post-thumbnail","6":"product_cat-pilka-nozna","7":"product_cat-sprzet-treningowy-pilka-nozna","8":"product_cat-yakimasport","10":"first","11":"instock","12":"taxable","13":"shipping-taxable","14":"purchasable","15":"product-type-simple"},"acf":[],"_links":{"self":[{"href":"https:\/\/sportyheaven.pl\/en\/wp-json\/wp\/v2\/product\/3180","targetHints":{"allow":["GET"]}}],"collection":[{"href":"https:\/\/sportyheaven.pl\/en\/wp-json\/wp\/v2\/product"}],"about":[{"href":"https:\/\/sportyheaven.pl\/en\/wp-json\/wp\/v2\/types\/product"}],"version-history":[{"count":1,"href":"https:\/\/sportyheaven.pl\/en\/wp-json\/wp\/v2\/product\/3180\/revisions"}],"predecessor-version":[{"id":5792,"href":"https:\/\/sportyheaven.pl\/en\/wp-json\/wp\/v2\/product\/3180\/revisions\/5792"}],"wp:featuredmedia":[{"embeddable":true,"href":"https:\/\/sportyheaven.pl\/en\/wp-json\/wp\/v2\/media\/5390"}],"wp:attachment":[{"href":"https:\/\/sportyheaven.pl\/en\/wp-json\/wp\/v2\/media?parent=3180"}],"wp:term":[{"taxonomy":"marka","embeddable":true,"href":"https:\/\/sportyheaven.pl\/en\/wp-json\/wp\/v2\/marka?post=3180"},{"taxonomy":"product_cat","embeddable":true,"href":"https:\/\/sportyheaven.pl\/en\/wp-json\/wp\/v2\/product_cat?post=3180"},{"taxonomy":"product_tag","embeddable":true,"href":"https:\/\/sportyheaven.pl\/en\/wp-json\/wp\/v2\/product_tag?post=3180"}],"curies":[{"name":"wp","href":"https:\/\/api.w.org\/{rel}","templated":true}]}}