{"id":3166,"date":"2023-12-13T13:16:49","date_gmt":"2023-12-13T12:16:49","guid":{"rendered":"https:\/\/sportyheaven.pl\/produkty\/znaczniki-pola-plaskie-maty-znakujace-zestaw-10-szt-biale\/"},"modified":"2025-04-29T07:41:50","modified_gmt":"2025-04-29T05:41:50","slug":"znaczniki-pola-plaskie-maty-znakujace-zestaw-10-szt-biale","status":"publish","type":"product","link":"https:\/\/sportyheaven.pl\/en\/sklep\/znaczniki-pola-plaskie-maty-znakujace-zestaw-10-szt-biale\/","title":{"rendered":"Znaczniki pola p\u0142askie (maty znakuj\u0105ce) &#8211; zestaw 10 szt. bia\u0142e"},"content":{"rendered":"<div id=\"description\">\n<div>\n<p><strong>Znaczniki pola p\u0142askie, maty znakuj\u0105ce<\/strong><\/p>\n<p>&#8211; Do u\u017cytku na halach lub boiskach naturalnych.<br \/>&#8211; Po ustawieniu nie \u015blizgaj\u0105 si\u0119 na parkiecie.<br \/>&#8211; Wykonane z odpornej gumy.<br \/>&#8211; Praktyczne, zapewniaj\u0105ce dobre oparcie stopy.\u00a0<br \/>&#8211; W sk\u0142ad zestawu wchodzi 10 sztuk\u00a0<br \/>&#8211; \u015arednica k\u00f3\u0142ka &#8211; 15 cm<br \/>&#8211; Kolor bia\u0142y<\/p>\n<p>Kod produktu: 100556<\/p>\n<\/div>\n<\/div>\n","protected":false},"excerpt":{"rendered":"<p>YAKIMASPORT<br \/>\nEAN: 5903796713695<\/p>\n","protected":false},"featured_media":3164,"template":"","meta":{"_acf_changed":false},"marka":[],"product_cat":[123,74,82],"product_tag":[],"class_list":{"0":"post-3166","1":"product","2":"type-product","3":"status-publish","4":"has-post-thumbnail","6":"product_cat-yakimasport","7":"product_cat-pilka-nozna","8":"product_cat-sprzet-treningowy-pilka-nozna","10":"first","11":"instock","12":"taxable","13":"shipping-taxable","14":"purchasable","15":"product-type-simple"},"acf":[],"_links":{"self":[{"href":"https:\/\/sportyheaven.pl\/en\/wp-json\/wp\/v2\/product\/3166","targetHints":{"allow":["GET"]}}],"collection":[{"href":"https:\/\/sportyheaven.pl\/en\/wp-json\/wp\/v2\/product"}],"about":[{"href":"https:\/\/sportyheaven.pl\/en\/wp-json\/wp\/v2\/types\/product"}],"version-history":[{"count":0,"href":"https:\/\/sportyheaven.pl\/en\/wp-json\/wp\/v2\/product\/3166\/revisions"}],"wp:featuredmedia":[{"embeddable":true,"href":"https:\/\/sportyheaven.pl\/en\/wp-json\/wp\/v2\/media\/3164"}],"wp:attachment":[{"href":"https:\/\/sportyheaven.pl\/en\/wp-json\/wp\/v2\/media?parent=3166"}],"wp:term":[{"taxonomy":"marka","embeddable":true,"href":"https:\/\/sportyheaven.pl\/en\/wp-json\/wp\/v2\/marka?post=3166"},{"taxonomy":"product_cat","embeddable":true,"href":"https:\/\/sportyheaven.pl\/en\/wp-json\/wp\/v2\/product_cat?post=3166"},{"taxonomy":"product_tag","embeddable":true,"href":"https:\/\/sportyheaven.pl\/en\/wp-json\/wp\/v2\/product_tag?post=3166"}],"curies":[{"name":"wp","href":"https:\/\/api.w.org\/{rel}","templated":true}]}}