{"id":3160,"date":"2023-12-13T13:16:46","date_gmt":"2023-12-13T12:16:46","guid":{"rendered":"https:\/\/sportyheaven.pl\/produkty\/plotek-plotki-z-regulowana-wysokoscia-laska-podstawka\/"},"modified":"2024-12-26T16:22:57","modified_gmt":"2024-12-26T15:22:57","slug":"plotek-plotki-z-regulowana-wysokoscia-laska-podstawka","status":"publish","type":"product","link":"https:\/\/sportyheaven.pl\/en\/sklep\/plotek-plotki-z-regulowana-wysokoscia-laska-podstawka\/","title":{"rendered":"P\u0142otek, p\u0142otki z regulowan\u0105 wysoko\u015bci\u0105 &#8211; laska + podstawka"},"content":{"rendered":"<p><span style=\"font-family: 'Open Sans', sans-serif; font-size: 10pt;\">\u2705 Regulowana wysoko\u015b\u0107 przeszkody<\/span><br \/><span style=\"font-family: 'Open Sans', sans-serif; font-size: 10pt;\">\u2705 Idealny do zastosowania w treningu koordynacji<\/span><\/p>\n","protected":false},"excerpt":{"rendered":"<p>YAKIMASPORT<br \/>\nEAN: 5903796716283<\/p>\n","protected":false},"featured_media":3158,"template":"","meta":{"_acf_changed":false},"marka":[],"product_cat":[123,74,82,81],"product_tag":[],"class_list":{"0":"post-3160","1":"product","2":"type-product","3":"status-publish","4":"has-post-thumbnail","6":"product_cat-yakimasport","7":"product_cat-pilka-nozna","8":"product_cat-sprzet-treningowy-pilka-nozna","9":"product_cat-pacholki-treningowe","11":"first","12":"instock","13":"taxable","14":"shipping-taxable","15":"purchasable","16":"product-type-simple"},"acf":[],"_links":{"self":[{"href":"https:\/\/sportyheaven.pl\/en\/wp-json\/wp\/v2\/product\/3160","targetHints":{"allow":["GET"]}}],"collection":[{"href":"https:\/\/sportyheaven.pl\/en\/wp-json\/wp\/v2\/product"}],"about":[{"href":"https:\/\/sportyheaven.pl\/en\/wp-json\/wp\/v2\/types\/product"}],"version-history":[{"count":1,"href":"https:\/\/sportyheaven.pl\/en\/wp-json\/wp\/v2\/product\/3160\/revisions"}],"predecessor-version":[{"id":5649,"href":"https:\/\/sportyheaven.pl\/en\/wp-json\/wp\/v2\/product\/3160\/revisions\/5649"}],"wp:featuredmedia":[{"embeddable":true,"href":"https:\/\/sportyheaven.pl\/en\/wp-json\/wp\/v2\/media\/3158"}],"wp:attachment":[{"href":"https:\/\/sportyheaven.pl\/en\/wp-json\/wp\/v2\/media?parent=3160"}],"wp:term":[{"taxonomy":"marka","embeddable":true,"href":"https:\/\/sportyheaven.pl\/en\/wp-json\/wp\/v2\/marka?post=3160"},{"taxonomy":"product_cat","embeddable":true,"href":"https:\/\/sportyheaven.pl\/en\/wp-json\/wp\/v2\/product_cat?post=3160"},{"taxonomy":"product_tag","embeddable":true,"href":"https:\/\/sportyheaven.pl\/en\/wp-json\/wp\/v2\/product_tag?post=3160"}],"curies":[{"name":"wp","href":"https:\/\/api.w.org\/{rel}","templated":true}]}}