{"id":3154,"date":"2023-12-13T13:16:45","date_gmt":"2023-12-13T12:16:45","guid":{"rendered":"https:\/\/sportyheaven.pl\/produkty\/tablica-flipchart-70x100-cm-3-bloki\/"},"modified":"2024-06-16T03:08:12","modified_gmt":"2024-06-16T01:08:12","slug":"tablica-flipchart-70x100-cm-3-bloki","status":"publish","type":"product","link":"https:\/\/sportyheaven.pl\/en\/sklep\/tablica-flipchart-70x100-cm-3-bloki\/","title":{"rendered":"Tablica flipchart 70&#215;100 cm + 3 bloki"},"content":{"rendered":"<p><span style=\"font-family:'Open Sans', sans-serif;font-size:10pt;\"><strong>Tablica flipchart + 3 bloki<\/p>\n<p><\/strong><\/span><br \/><span style=\"font-family:'Open Sans', sans-serif;font-size:10pt;\">&#8211; Solidna, aluminiowa konstrukcja<\/span><br \/><span style=\"font-family:'Open Sans', sans-serif;font-size:10pt;\">&#8211; Stela\u017c posiada regulowan\u0105 wysoko\u015b\u0107 tablicy.<\/span><br \/><span style=\"font-family:'Open Sans', sans-serif;font-size:10pt;\">&#8211; Stela\u017c posiada k\u00f3\u0142ka u\u0142atwiaj\u0105ce przesuwanie.<\/span><br \/><span style=\"font-family:'Open Sans', sans-serif;font-size:10pt;\">&#8211; Wyposa\u017cony w wygodn\u0105 p\u00f3\u0142k\u0119 na akcesoria oraz uchwyt na arkusze papieru<\/span><br \/><span style=\"font-family:'Open Sans', sans-serif;font-size:10pt;\">&#8211; W zestawie dodatkowe 3 bloki o wymiarach 70&#215;100 cm<\/span><\/p>\n<p><span style=\"font-family:'Open Sans', sans-serif;font-size:10pt;\">Kod produktu:\u00a0100089 <\/span><\/p>\n","protected":false},"excerpt":{"rendered":"<p>YAKIMASPORT<br \/>\nEAN: <\/p>\n","protected":false},"featured_media":3152,"template":"","meta":{"_acf_changed":false},"marka":[],"product_cat":[123,74,82],"product_tag":[],"class_list":{"0":"post-3154","1":"product","2":"type-product","3":"status-publish","4":"has-post-thumbnail","6":"product_cat-yakimasport","7":"product_cat-pilka-nozna","8":"product_cat-sprzet-treningowy-pilka-nozna","10":"first","11":"instock","12":"taxable","13":"shipping-taxable","14":"purchasable","15":"product-type-simple"},"acf":[],"_links":{"self":[{"href":"https:\/\/sportyheaven.pl\/en\/wp-json\/wp\/v2\/product\/3154","targetHints":{"allow":["GET"]}}],"collection":[{"href":"https:\/\/sportyheaven.pl\/en\/wp-json\/wp\/v2\/product"}],"about":[{"href":"https:\/\/sportyheaven.pl\/en\/wp-json\/wp\/v2\/types\/product"}],"version-history":[{"count":0,"href":"https:\/\/sportyheaven.pl\/en\/wp-json\/wp\/v2\/product\/3154\/revisions"}],"wp:featuredmedia":[{"embeddable":true,"href":"https:\/\/sportyheaven.pl\/en\/wp-json\/wp\/v2\/media\/3152"}],"wp:attachment":[{"href":"https:\/\/sportyheaven.pl\/en\/wp-json\/wp\/v2\/media?parent=3154"}],"wp:term":[{"taxonomy":"marka","embeddable":true,"href":"https:\/\/sportyheaven.pl\/en\/wp-json\/wp\/v2\/marka?post=3154"},{"taxonomy":"product_cat","embeddable":true,"href":"https:\/\/sportyheaven.pl\/en\/wp-json\/wp\/v2\/product_cat?post=3154"},{"taxonomy":"product_tag","embeddable":true,"href":"https:\/\/sportyheaven.pl\/en\/wp-json\/wp\/v2\/product_tag?post=3154"}],"curies":[{"name":"wp","href":"https:\/\/api.w.org\/{rel}","templated":true}]}}