{"id":3142,"date":"2023-12-13T13:16:38","date_gmt":"2023-12-13T12:16:38","guid":{"rendered":"https:\/\/sportyheaven.pl\/produkty\/torba-na-tyczki-lukowe-plotki-sprzet-treningowy\/"},"modified":"2025-04-29T07:36:34","modified_gmt":"2025-04-29T05:36:34","slug":"torba-na-tyczki-lukowe-plotki-sprzet-treningowy","status":"publish","type":"product","link":"https:\/\/sportyheaven.pl\/en\/sklep\/torba-na-tyczki-lukowe-plotki-sprzet-treningowy\/","title":{"rendered":"Torba na tyczki \u0142ukowe, p\u0142otki, sprz\u0119t treningowy"},"content":{"rendered":"<p><span style=\"font-family: 'Open Sans', sans-serif; font-size: 10pt;\">\u2705\u00a0Torba pomie\u015bci\u00a0tyczki \u0142ukowe, p\u0142otki treningowe i wiele innego sprz\u0119tu sportowego<\/span><br \/><span style=\"font-family: 'Open Sans', sans-serif; font-size: 10pt;\">\u2705\u00a0Wymiary: 65cm x 70cm x 23cm<\/span><\/p>\n","protected":false},"excerpt":{"rendered":"<p>YAKIMASPORT<br \/>\nEAN: 5903796712537<\/p>\n","protected":false},"featured_media":3140,"template":"","meta":{"_acf_changed":false},"marka":[],"product_cat":[123,74,82],"product_tag":[],"class_list":{"0":"post-3142","1":"product","2":"type-product","3":"status-publish","4":"has-post-thumbnail","6":"product_cat-yakimasport","7":"product_cat-pilka-nozna","8":"product_cat-sprzet-treningowy-pilka-nozna","10":"first","11":"instock","12":"taxable","13":"shipping-taxable","14":"purchasable","15":"product-type-simple"},"acf":[],"_links":{"self":[{"href":"https:\/\/sportyheaven.pl\/en\/wp-json\/wp\/v2\/product\/3142","targetHints":{"allow":["GET"]}}],"collection":[{"href":"https:\/\/sportyheaven.pl\/en\/wp-json\/wp\/v2\/product"}],"about":[{"href":"https:\/\/sportyheaven.pl\/en\/wp-json\/wp\/v2\/types\/product"}],"version-history":[{"count":1,"href":"https:\/\/sportyheaven.pl\/en\/wp-json\/wp\/v2\/product\/3142\/revisions"}],"predecessor-version":[{"id":5647,"href":"https:\/\/sportyheaven.pl\/en\/wp-json\/wp\/v2\/product\/3142\/revisions\/5647"}],"wp:featuredmedia":[{"embeddable":true,"href":"https:\/\/sportyheaven.pl\/en\/wp-json\/wp\/v2\/media\/3140"}],"wp:attachment":[{"href":"https:\/\/sportyheaven.pl\/en\/wp-json\/wp\/v2\/media?parent=3142"}],"wp:term":[{"taxonomy":"marka","embeddable":true,"href":"https:\/\/sportyheaven.pl\/en\/wp-json\/wp\/v2\/marka?post=3142"},{"taxonomy":"product_cat","embeddable":true,"href":"https:\/\/sportyheaven.pl\/en\/wp-json\/wp\/v2\/product_cat?post=3142"},{"taxonomy":"product_tag","embeddable":true,"href":"https:\/\/sportyheaven.pl\/en\/wp-json\/wp\/v2\/product_tag?post=3142"}],"curies":[{"name":"wp","href":"https:\/\/api.w.org\/{rel}","templated":true}]}}