{"id":3139,"date":"2023-12-13T13:16:37","date_gmt":"2023-12-13T12:16:37","guid":{"rendered":"https:\/\/sportyheaven.pl\/produkty\/stoper-sportowy\/"},"modified":"2024-05-05T20:04:42","modified_gmt":"2024-05-05T18:04:42","slug":"stoper-sportowy","status":"publish","type":"product","link":"https:\/\/sportyheaven.pl\/en\/sklep\/stoper-sportowy\/","title":{"rendered":"Stoper sportowy"},"content":{"rendered":"<p><span style=\"font-size:10pt;font-family:'Open Sans', sans-serif;\"><strong>Stoper sportowy<\/strong><\/span><\/p>\n<p><span style=\"font-size:10pt;font-family:'Open Sans', sans-serif;\">Funkcje:<br \/><\/span><span style=\"font-size:10pt;font-family:'Open Sans', sans-serif;\">&#8211; 1\/100 sekund\u00a0<br \/><\/span><span style=\"font-size:10pt;font-family:'Open Sans', sans-serif;\">&#8211; Odmierzanie czasu\u00a0okr\u0105\u017ce\u0144<br \/><\/span><span style=\"font-size:10pt;font-family:'Open Sans', sans-serif;\">&#8211; Alarm<\/p>\n<p>Kod produktu:\u00a0100066<\/span><\/p>\n","protected":false},"excerpt":{"rendered":"<p>YAKIMASPORT<br \/>\nEAN: 5903796711714<\/p>\n","protected":false},"featured_media":3137,"template":"","meta":{"_acf_changed":false},"marka":[],"product_cat":[123,74,82],"product_tag":[],"class_list":{"0":"post-3139","1":"product","2":"type-product","3":"status-publish","4":"has-post-thumbnail","6":"product_cat-yakimasport","7":"product_cat-pilka-nozna","8":"product_cat-sprzet-treningowy-pilka-nozna","10":"first","11":"instock","12":"taxable","13":"shipping-taxable","14":"purchasable","15":"product-type-simple"},"acf":[],"_links":{"self":[{"href":"https:\/\/sportyheaven.pl\/en\/wp-json\/wp\/v2\/product\/3139","targetHints":{"allow":["GET"]}}],"collection":[{"href":"https:\/\/sportyheaven.pl\/en\/wp-json\/wp\/v2\/product"}],"about":[{"href":"https:\/\/sportyheaven.pl\/en\/wp-json\/wp\/v2\/types\/product"}],"version-history":[{"count":0,"href":"https:\/\/sportyheaven.pl\/en\/wp-json\/wp\/v2\/product\/3139\/revisions"}],"wp:featuredmedia":[{"embeddable":true,"href":"https:\/\/sportyheaven.pl\/en\/wp-json\/wp\/v2\/media\/3137"}],"wp:attachment":[{"href":"https:\/\/sportyheaven.pl\/en\/wp-json\/wp\/v2\/media?parent=3139"}],"wp:term":[{"taxonomy":"marka","embeddable":true,"href":"https:\/\/sportyheaven.pl\/en\/wp-json\/wp\/v2\/marka?post=3139"},{"taxonomy":"product_cat","embeddable":true,"href":"https:\/\/sportyheaven.pl\/en\/wp-json\/wp\/v2\/product_cat?post=3139"},{"taxonomy":"product_tag","embeddable":true,"href":"https:\/\/sportyheaven.pl\/en\/wp-json\/wp\/v2\/product_tag?post=3139"}],"curies":[{"name":"wp","href":"https:\/\/api.w.org\/{rel}","templated":true}]}}