{"id":3136,"date":"2023-12-13T13:16:36","date_gmt":"2023-12-13T12:16:36","guid":{"rendered":"https:\/\/sportyheaven.pl\/produkty\/opaska-kapitanska\/"},"modified":"2025-04-29T07:36:34","modified_gmt":"2025-04-29T05:36:34","slug":"opaska-kapitanska","status":"publish","type":"product","link":"https:\/\/sportyheaven.pl\/en\/sklep\/opaska-kapitanska\/","title":{"rendered":"Opaska kapita\u0144ska"},"content":{"rendered":"<p><span style=\"font-family: 'Open Sans', sans-serif; font-size: 10pt;\">\u2705Dost\u0119pne kolory:\u00a0czarny, pomara\u0144czowy, bia\u0142y oraz \u017c\u00f3\u0142ty<\/span><\/p>\n","protected":false},"excerpt":{"rendered":"<p>YAKIMASPORT<br \/>\nEAN: 5903796711745<\/p>\n","protected":false},"featured_media":5601,"template":"","meta":{"_acf_changed":false},"marka":[],"product_cat":[367,292,293],"product_tag":[],"class_list":{"0":"post-3136","1":"product","2":"type-product","3":"status-publish","4":"has-post-thumbnail","6":"product_cat-yakimasport-en","7":"product_cat-football","8":"product_cat-football-accessories","10":"first","11":"instock","12":"taxable","13":"shipping-taxable","14":"purchasable","15":"product-type-simple"},"acf":{"informacje_o_zakupach":"Bezpieczne zakupy, 12 miesi\u0119czna gwarancja!","informacje_o_dostawie_ys":"Szybka realizacja zam\u00f3wienia i dostawa","informacje_o_zwrocie":"14-dniowa mo\u017cliwo\u015b\u0107 zwrotu!"},"_links":{"self":[{"href":"https:\/\/sportyheaven.pl\/en\/wp-json\/wp\/v2\/product\/3136","targetHints":{"allow":["GET"]}}],"collection":[{"href":"https:\/\/sportyheaven.pl\/en\/wp-json\/wp\/v2\/product"}],"about":[{"href":"https:\/\/sportyheaven.pl\/en\/wp-json\/wp\/v2\/types\/product"}],"version-history":[{"count":5,"href":"https:\/\/sportyheaven.pl\/en\/wp-json\/wp\/v2\/product\/3136\/revisions"}],"predecessor-version":[{"id":5950,"href":"https:\/\/sportyheaven.pl\/en\/wp-json\/wp\/v2\/product\/3136\/revisions\/5950"}],"wp:featuredmedia":[{"embeddable":true,"href":"https:\/\/sportyheaven.pl\/en\/wp-json\/wp\/v2\/media\/5601"}],"wp:attachment":[{"href":"https:\/\/sportyheaven.pl\/en\/wp-json\/wp\/v2\/media?parent=3136"}],"wp:term":[{"taxonomy":"marka","embeddable":true,"href":"https:\/\/sportyheaven.pl\/en\/wp-json\/wp\/v2\/marka?post=3136"},{"taxonomy":"product_cat","embeddable":true,"href":"https:\/\/sportyheaven.pl\/en\/wp-json\/wp\/v2\/product_cat?post=3136"},{"taxonomy":"product_tag","embeddable":true,"href":"https:\/\/sportyheaven.pl\/en\/wp-json\/wp\/v2\/product_tag?post=3136"}],"curies":[{"name":"wp","href":"https:\/\/api.w.org\/{rel}","templated":true}]}}