{"id":3124,"date":"2023-12-13T13:16:26","date_gmt":"2023-12-13T12:16:26","guid":{"rendered":"https:\/\/sportyheaven.pl\/produkty\/portfel-sedziowski-przybornik-zestaw-sedziego\/"},"modified":"2025-04-29T07:34:55","modified_gmt":"2025-04-29T05:34:55","slug":"portfel-sedziowski-przybornik-zestaw-sedziego","status":"publish","type":"product","link":"https:\/\/sportyheaven.pl\/en\/sklep\/portfel-sedziowski-przybornik-zestaw-sedziego\/","title":{"rendered":"Portfel s\u0119dziowski, przybornik, zestaw s\u0119dziego"},"content":{"rendered":"<p><span style=\"font-family: 'Open Sans', sans-serif; font-size: 10pt;\">W komplecie:<\/span><br \/><span style=\"font-family: 'Open Sans', sans-serif; font-size: 10pt;\">\u2705 Kartka \u017c\u00f3\u0142ta oraz czerwona<\/span><br \/><span style=\"font-family: 'Open Sans', sans-serif; font-size: 10pt;\">\u2705 Zestaw czystych karteczek pod notatki<\/span><br \/><span style=\"font-family: 'Open Sans', sans-serif; font-size: 10pt;\">\u2705 Gwizdek, moneta, d\u0142ugopis, o\u0142\u00f3wek<\/span><br \/><span style=\"font-family: 'Open Sans', sans-serif; font-size: 10pt;\">\u2705 Gumka, temper\u00f3wka<\/span><\/p>\n","protected":false},"excerpt":{"rendered":"<p>YAKIMASPORT<br \/>\nEAN: 5906718236005<\/p>\n","protected":false},"featured_media":3123,"template":"","meta":{"_acf_changed":false},"marka":[],"product_cat":[123,74,79],"product_tag":[],"class_list":{"0":"post-3124","1":"product","2":"type-product","3":"status-publish","4":"has-post-thumbnail","6":"product_cat-yakimasport","7":"product_cat-pilka-nozna","8":"product_cat-akcesoria-sedziowskie","10":"first","11":"instock","12":"taxable","13":"shipping-taxable","14":"purchasable","15":"product-type-simple"},"acf":[],"_links":{"self":[{"href":"https:\/\/sportyheaven.pl\/en\/wp-json\/wp\/v2\/product\/3124","targetHints":{"allow":["GET"]}}],"collection":[{"href":"https:\/\/sportyheaven.pl\/en\/wp-json\/wp\/v2\/product"}],"about":[{"href":"https:\/\/sportyheaven.pl\/en\/wp-json\/wp\/v2\/types\/product"}],"version-history":[{"count":2,"href":"https:\/\/sportyheaven.pl\/en\/wp-json\/wp\/v2\/product\/3124\/revisions"}],"predecessor-version":[{"id":5746,"href":"https:\/\/sportyheaven.pl\/en\/wp-json\/wp\/v2\/product\/3124\/revisions\/5746"}],"wp:featuredmedia":[{"embeddable":true,"href":"https:\/\/sportyheaven.pl\/en\/wp-json\/wp\/v2\/media\/3123"}],"wp:attachment":[{"href":"https:\/\/sportyheaven.pl\/en\/wp-json\/wp\/v2\/media?parent=3124"}],"wp:term":[{"taxonomy":"marka","embeddable":true,"href":"https:\/\/sportyheaven.pl\/en\/wp-json\/wp\/v2\/marka?post=3124"},{"taxonomy":"product_cat","embeddable":true,"href":"https:\/\/sportyheaven.pl\/en\/wp-json\/wp\/v2\/product_cat?post=3124"},{"taxonomy":"product_tag","embeddable":true,"href":"https:\/\/sportyheaven.pl\/en\/wp-json\/wp\/v2\/product_tag?post=3124"}],"curies":[{"name":"wp","href":"https:\/\/api.w.org\/{rel}","templated":true}]}}