{"id":3111,"date":"2023-12-13T13:16:20","date_gmt":"2023-12-13T12:16:20","guid":{"rendered":"https:\/\/sportyheaven.pl\/produkty\/tablica-taktyczna-do-pilki-noznej-folia-25-boisk\/"},"modified":"2025-04-29T07:22:18","modified_gmt":"2025-04-29T05:22:18","slug":"tablica-taktyczna-do-pilki-noznej-folia-25-boisk","status":"publish","type":"product","link":"https:\/\/sportyheaven.pl\/en\/sklep\/tablica-taktyczna-do-pilki-noznej-folia-25-boisk\/","title":{"rendered":"Tablica taktyczna do Pi\u0142ki No\u017cnej folia &#8211; 25 boisk"},"content":{"rendered":"<p><span style=\"font-family: 'Open Sans', sans-serif; font-size: 10pt;\">\u2705\u00a0Rozmiar 60cm x 80cm<\/span><br \/><span style=\"font-family: 'Open Sans', sans-serif; font-size: 10pt;\">\u2705 Mo\u017cliwo\u015b\u0107 przyklejenia do r\u00f3\u017cnych powierzchni bez pozostawienia \u015blad\u00f3w &#8211; do \u015bciany, szafy, okna<br \/>\u2705 Na rolce jest 25 boisk (arkuszy)<\/p>\n<p><\/span><\/p>\n","protected":false},"excerpt":{"rendered":"<p>YAKIMASPORT<br \/>\nEAN: 5906718236159<\/p>\n","protected":false},"featured_media":5545,"template":"","meta":{"_acf_changed":false},"marka":[],"product_cat":[292,299,367],"product_tag":[],"class_list":{"0":"post-3111","1":"product","2":"type-product","3":"status-publish","4":"has-post-thumbnail","6":"product_cat-football","7":"product_cat-football-training-equipment","8":"product_cat-yakimasport-en","10":"first","11":"instock","12":"taxable","13":"shipping-taxable","14":"purchasable","15":"product-type-simple"},"acf":{"informacje_o_zakupach":"Bezpieczne zakupy, 12 miesi\u0119czna gwarancja!","informacje_o_dostawie_ys":"Szybka realizacja zam\u00f3wienia i dostawa","informacje_o_zwrocie":"14-dniowa mo\u017cliwo\u015b\u0107 zwrotu!"},"_links":{"self":[{"href":"https:\/\/sportyheaven.pl\/en\/wp-json\/wp\/v2\/product\/3111","targetHints":{"allow":["GET"]}}],"collection":[{"href":"https:\/\/sportyheaven.pl\/en\/wp-json\/wp\/v2\/product"}],"about":[{"href":"https:\/\/sportyheaven.pl\/en\/wp-json\/wp\/v2\/types\/product"}],"version-history":[{"count":3,"href":"https:\/\/sportyheaven.pl\/en\/wp-json\/wp\/v2\/product\/3111\/revisions"}],"predecessor-version":[{"id":5687,"href":"https:\/\/sportyheaven.pl\/en\/wp-json\/wp\/v2\/product\/3111\/revisions\/5687"}],"wp:featuredmedia":[{"embeddable":true,"href":"https:\/\/sportyheaven.pl\/en\/wp-json\/wp\/v2\/media\/5545"}],"wp:attachment":[{"href":"https:\/\/sportyheaven.pl\/en\/wp-json\/wp\/v2\/media?parent=3111"}],"wp:term":[{"taxonomy":"marka","embeddable":true,"href":"https:\/\/sportyheaven.pl\/en\/wp-json\/wp\/v2\/marka?post=3111"},{"taxonomy":"product_cat","embeddable":true,"href":"https:\/\/sportyheaven.pl\/en\/wp-json\/wp\/v2\/product_cat?post=3111"},{"taxonomy":"product_tag","embeddable":true,"href":"https:\/\/sportyheaven.pl\/en\/wp-json\/wp\/v2\/product_tag?post=3111"}],"curies":[{"name":"wp","href":"https:\/\/api.w.org\/{rel}","templated":true}]}}