{"id":3101,"date":"2023-12-13T13:16:13","date_gmt":"2023-12-13T12:16:13","guid":{"rendered":"https:\/\/sportyheaven.pl\/produkty\/tablica-taktyczna-pilka-reczna\/"},"modified":"2025-04-29T07:22:17","modified_gmt":"2025-04-29T05:22:17","slug":"tablica-taktyczna-pilka-reczna","status":"publish","type":"product","link":"https:\/\/sportyheaven.pl\/en\/sklep\/tablica-taktyczna-pilka-reczna\/","title":{"rendered":"Tablica taktyczna &#8211; pi\u0142ka r\u0119czna"},"content":{"rendered":"<p><span style=\"font-family: 'Open Sans', sans-serif; font-size: 10pt;\">\u2705 Posiada marker oraz magnesy<\/span><br \/><span style=\"font-family: 'Open Sans', sans-serif; font-size: 10pt;\">\u2705\u00a0Jedna strona posiada pe\u0142ne pole do rozrysowania taktyki, <\/span><br \/><span style=\"font-family: 'Open Sans', sans-serif; font-size: 10pt;\">a druga po\u0142ow\u0119 boiska do bardziej szczeg\u00f3\u0142owego opracowania taktyk ataku lub obrony<\/span><\/p>\n","protected":false},"excerpt":{"rendered":"<p>YAKIMASPORT<br \/>\nEAN: 5903796712360<\/p>\n","protected":false},"featured_media":3100,"template":"","meta":{"_acf_changed":false},"marka":[],"product_cat":[123,74,82],"product_tag":[],"class_list":{"0":"post-3101","1":"product","2":"type-product","3":"status-publish","4":"has-post-thumbnail","6":"product_cat-yakimasport","7":"product_cat-pilka-nozna","8":"product_cat-sprzet-treningowy-pilka-nozna","10":"first","11":"instock","12":"taxable","13":"shipping-taxable","14":"purchasable","15":"product-type-simple"},"acf":[],"_links":{"self":[{"href":"https:\/\/sportyheaven.pl\/en\/wp-json\/wp\/v2\/product\/3101","targetHints":{"allow":["GET"]}}],"collection":[{"href":"https:\/\/sportyheaven.pl\/en\/wp-json\/wp\/v2\/product"}],"about":[{"href":"https:\/\/sportyheaven.pl\/en\/wp-json\/wp\/v2\/types\/product"}],"version-history":[{"count":2,"href":"https:\/\/sportyheaven.pl\/en\/wp-json\/wp\/v2\/product\/3101\/revisions"}],"predecessor-version":[{"id":5683,"href":"https:\/\/sportyheaven.pl\/en\/wp-json\/wp\/v2\/product\/3101\/revisions\/5683"}],"wp:featuredmedia":[{"embeddable":true,"href":"https:\/\/sportyheaven.pl\/en\/wp-json\/wp\/v2\/media\/3100"}],"wp:attachment":[{"href":"https:\/\/sportyheaven.pl\/en\/wp-json\/wp\/v2\/media?parent=3101"}],"wp:term":[{"taxonomy":"marka","embeddable":true,"href":"https:\/\/sportyheaven.pl\/en\/wp-json\/wp\/v2\/marka?post=3101"},{"taxonomy":"product_cat","embeddable":true,"href":"https:\/\/sportyheaven.pl\/en\/wp-json\/wp\/v2\/product_cat?post=3101"},{"taxonomy":"product_tag","embeddable":true,"href":"https:\/\/sportyheaven.pl\/en\/wp-json\/wp\/v2\/product_tag?post=3101"}],"curies":[{"name":"wp","href":"https:\/\/api.w.org\/{rel}","templated":true}]}}