{"id":3053,"date":"2023-12-13T13:14:16","date_gmt":"2023-12-13T12:14:16","guid":{"rendered":"https:\/\/sportyheaven.pl\/produkty\/znacznik-pilkarski-czarny-oznacznik\/"},"modified":"2025-04-29T07:11:26","modified_gmt":"2025-04-29T05:11:26","slug":"znacznik-pilkarski-czarny-oznacznik","status":"publish","type":"product","link":"https:\/\/sportyheaven.pl\/en\/sklep\/znacznik-pilkarski-czarny-oznacznik\/","title":{"rendered":"Znacznik pi\u0142karski czarny, oznacznik"},"content":{"rendered":"<p><span style=\"font-family: 'Open Sans', sans-serif; font-size: 10pt;\">\u2705Znacznik uniwersalny<\/span><br \/><span style=\"font-family: 'Open Sans', sans-serif; font-size: 10pt;\">\u2705Dost\u0119pny w trzech rozmiarach<\/span><\/p>\n","protected":false},"excerpt":{"rendered":"<p>YAKIMASPORT<br \/>\nEAN: 5903796710045<\/p>\n","protected":false},"featured_media":3051,"template":"","meta":{"_acf_changed":false},"marka":[],"product_cat":[74,82,123],"product_tag":[],"class_list":{"0":"post-3053","1":"product","2":"type-product","3":"status-publish","4":"has-post-thumbnail","6":"product_cat-pilka-nozna","7":"product_cat-sprzet-treningowy-pilka-nozna","8":"product_cat-yakimasport","10":"first","11":"instock","12":"taxable","13":"shipping-taxable","14":"purchasable","15":"product-type-simple"},"acf":{"informacje_o_zakupach":"Bezpieczne zakupy, 12 miesi\u0119czna gwarancja!","informacje_o_dostawie_ys":"Szybka realizacja zam\u00f3wienia i dostawa","informacje_o_zwrocie":"14-dniowa mo\u017cliwo\u015b\u0107 zwrotu!"},"_links":{"self":[{"href":"https:\/\/sportyheaven.pl\/en\/wp-json\/wp\/v2\/product\/3053","targetHints":{"allow":["GET"]}}],"collection":[{"href":"https:\/\/sportyheaven.pl\/en\/wp-json\/wp\/v2\/product"}],"about":[{"href":"https:\/\/sportyheaven.pl\/en\/wp-json\/wp\/v2\/types\/product"}],"version-history":[{"count":1,"href":"https:\/\/sportyheaven.pl\/en\/wp-json\/wp\/v2\/product\/3053\/revisions"}],"predecessor-version":[{"id":5718,"href":"https:\/\/sportyheaven.pl\/en\/wp-json\/wp\/v2\/product\/3053\/revisions\/5718"}],"wp:featuredmedia":[{"embeddable":true,"href":"https:\/\/sportyheaven.pl\/en\/wp-json\/wp\/v2\/media\/3051"}],"wp:attachment":[{"href":"https:\/\/sportyheaven.pl\/en\/wp-json\/wp\/v2\/media?parent=3053"}],"wp:term":[{"taxonomy":"marka","embeddable":true,"href":"https:\/\/sportyheaven.pl\/en\/wp-json\/wp\/v2\/marka?post=3053"},{"taxonomy":"product_cat","embeddable":true,"href":"https:\/\/sportyheaven.pl\/en\/wp-json\/wp\/v2\/product_cat?post=3053"},{"taxonomy":"product_tag","embeddable":true,"href":"https:\/\/sportyheaven.pl\/en\/wp-json\/wp\/v2\/product_tag?post=3053"}],"curies":[{"name":"wp","href":"https:\/\/api.w.org\/{rel}","templated":true}]}}