{"id":3032,"date":"2023-12-13T13:14:03","date_gmt":"2023-12-13T12:14:03","guid":{"rendered":"https:\/\/sportyheaven.pl\/produkty\/podstawka-pod-laske-trzykierunkowa-gumowa\/"},"modified":"2025-04-29T07:07:41","modified_gmt":"2025-04-29T05:07:41","slug":"podstawka-pod-laske-trzykierunkowa-gumowa","status":"publish","type":"product","link":"https:\/\/sportyheaven.pl\/en\/sklep\/podstawka-pod-laske-trzykierunkowa-gumowa\/","title":{"rendered":"Podstawka pod lask\u0119 trzykierunkowa gumowa"},"content":{"rendered":"<p><span style=\"font-family: 'Open Sans', sans-serif; font-size: 10pt;\">\u2705 Nie przewraca si\u0119 na wietrze<\/span><br \/><span style=\"font-family: 'Open Sans', sans-serif; font-size: 10pt;\">\u2705\u00a0Trzy otwory pozwalaj\u0105 ustawi\u0107 lask\u0119 pod k\u0105tem lub w pionie <\/span><br \/><span style=\"font-family: 'Open Sans', sans-serif; font-size: 10pt;\">\u2705\u00a0Podstawka pasuje do lasek\u00a01m lub 1,6m<\/span><\/p>\n","protected":false},"excerpt":{"rendered":"<p>YAKIMASPORT<br \/>\nEAN: 5903137554819<\/p>\n","protected":false},"featured_media":5538,"template":"","meta":{"_acf_changed":false},"marka":[],"product_cat":[292,299,367],"product_tag":[],"class_list":{"0":"post-3032","1":"product","2":"type-product","3":"status-publish","4":"has-post-thumbnail","6":"product_cat-football","7":"product_cat-football-training-equipment","8":"product_cat-yakimasport-en","10":"first","11":"instock","12":"taxable","13":"shipping-taxable","14":"purchasable","15":"product-type-simple"},"acf":[],"_links":{"self":[{"href":"https:\/\/sportyheaven.pl\/en\/wp-json\/wp\/v2\/product\/3032","targetHints":{"allow":["GET"]}}],"collection":[{"href":"https:\/\/sportyheaven.pl\/en\/wp-json\/wp\/v2\/product"}],"about":[{"href":"https:\/\/sportyheaven.pl\/en\/wp-json\/wp\/v2\/types\/product"}],"version-history":[{"count":1,"href":"https:\/\/sportyheaven.pl\/en\/wp-json\/wp\/v2\/product\/3032\/revisions"}],"predecessor-version":[{"id":5764,"href":"https:\/\/sportyheaven.pl\/en\/wp-json\/wp\/v2\/product\/3032\/revisions\/5764"}],"wp:featuredmedia":[{"embeddable":true,"href":"https:\/\/sportyheaven.pl\/en\/wp-json\/wp\/v2\/media\/5538"}],"wp:attachment":[{"href":"https:\/\/sportyheaven.pl\/en\/wp-json\/wp\/v2\/media?parent=3032"}],"wp:term":[{"taxonomy":"marka","embeddable":true,"href":"https:\/\/sportyheaven.pl\/en\/wp-json\/wp\/v2\/marka?post=3032"},{"taxonomy":"product_cat","embeddable":true,"href":"https:\/\/sportyheaven.pl\/en\/wp-json\/wp\/v2\/product_cat?post=3032"},{"taxonomy":"product_tag","embeddable":true,"href":"https:\/\/sportyheaven.pl\/en\/wp-json\/wp\/v2\/product_tag?post=3032"}],"curies":[{"name":"wp","href":"https:\/\/api.w.org\/{rel}","templated":true}]}}