{"id":3029,"date":"2023-12-13T13:14:02","date_gmt":"2023-12-13T12:14:02","guid":{"rendered":"https:\/\/sportyheaven.pl\/produkty\/podstawka-pod-laske-treningowa-gumowa\/"},"modified":"2025-04-29T07:07:41","modified_gmt":"2025-04-29T05:07:41","slug":"podstawka-pod-laske-treningowa-gumowa","status":"publish","type":"product","link":"https:\/\/sportyheaven.pl\/en\/sklep\/podstawka-pod-laske-treningowa-gumowa\/","title":{"rendered":"Podstawka pod lask\u0119 treningow\u0105 gumowa"},"content":{"rendered":"<p><span style=\"font-family: 'Open Sans', sans-serif; font-size: 10pt;\">\u2705\u00a0Podstawka pasuje do lasek 1m lub 1,6m o \u015brednicy 25mm<\/span><br \/><span style=\"font-family: 'Open Sans', sans-serif; font-size: 10pt;\">\u2705 Jest wytrzyma\u0142a i posiada odpowiedni\u0105 wag\u0119, aby laski nie przewraca\u0142y si\u0119 na wietrze<\/span><\/p>\n","protected":false},"excerpt":{"rendered":"<p>YAKIMASPORT<br \/>\nEAN: 5903137554611<\/p>\n","protected":false},"featured_media":3027,"template":"","meta":{"_acf_changed":false},"marka":[],"product_cat":[123,74,82],"product_tag":[],"class_list":{"0":"post-3029","1":"product","2":"type-product","3":"status-publish","4":"has-post-thumbnail","6":"product_cat-yakimasport","7":"product_cat-pilka-nozna","8":"product_cat-sprzet-treningowy-pilka-nozna","10":"first","11":"instock","12":"taxable","13":"shipping-taxable","14":"purchasable","15":"product-type-simple"},"acf":[],"_links":{"self":[{"href":"https:\/\/sportyheaven.pl\/en\/wp-json\/wp\/v2\/product\/3029","targetHints":{"allow":["GET"]}}],"collection":[{"href":"https:\/\/sportyheaven.pl\/en\/wp-json\/wp\/v2\/product"}],"about":[{"href":"https:\/\/sportyheaven.pl\/en\/wp-json\/wp\/v2\/types\/product"}],"version-history":[{"count":2,"href":"https:\/\/sportyheaven.pl\/en\/wp-json\/wp\/v2\/product\/3029\/revisions"}],"predecessor-version":[{"id":5763,"href":"https:\/\/sportyheaven.pl\/en\/wp-json\/wp\/v2\/product\/3029\/revisions\/5763"}],"wp:featuredmedia":[{"embeddable":true,"href":"https:\/\/sportyheaven.pl\/en\/wp-json\/wp\/v2\/media\/3027"}],"wp:attachment":[{"href":"https:\/\/sportyheaven.pl\/en\/wp-json\/wp\/v2\/media?parent=3029"}],"wp:term":[{"taxonomy":"marka","embeddable":true,"href":"https:\/\/sportyheaven.pl\/en\/wp-json\/wp\/v2\/marka?post=3029"},{"taxonomy":"product_cat","embeddable":true,"href":"https:\/\/sportyheaven.pl\/en\/wp-json\/wp\/v2\/product_cat?post=3029"},{"taxonomy":"product_tag","embeddable":true,"href":"https:\/\/sportyheaven.pl\/en\/wp-json\/wp\/v2\/product_tag?post=3029"}],"curies":[{"name":"wp","href":"https:\/\/api.w.org\/{rel}","templated":true}]}}