{"id":3026,"date":"2023-12-13T13:14:02","date_gmt":"2023-12-13T12:14:02","guid":{"rendered":"https:\/\/sportyheaven.pl\/produkty\/tyczka-lukowa-tyczki\/"},"modified":"2025-04-29T07:07:41","modified_gmt":"2025-04-29T05:07:41","slug":"tyczka-lukowa-tyczki","status":"publish","type":"product","link":"https:\/\/sportyheaven.pl\/en\/sklep\/tyczka-lukowa-tyczki\/","title":{"rendered":"Tyczka \u0142ukowa \/ tyczki"},"content":{"rendered":"<p><span style=\"font-family: 'Open Sans', sans-serif; font-size: 10pt;\">\u2705\u00a0Wymiary: szeroko\u015b\u0107 &#8211; 53cm, wysoko\u015b\u0107 63cm (po wbiciu w pod\u0142o\u017ce 53cm)<\/span><br \/><span style=\"font-family: 'Open Sans', sans-serif; font-size: 10pt;\">\u2705 Dzi\u0119ki zamontowanym szpikulcom mo\u017cliwe jest wbicie jej w pod\u0142o\u017ce<br \/>\u2705 Mo\u017ce s\u0142u\u017cy\u0107 jako ma\u0142a bramka na treningu<br \/><\/span><\/p>\n","protected":false},"excerpt":{"rendered":"<p>YAKIMASPORT<br \/>\nEAN: 5903137554314<\/p>\n","protected":false},"featured_media":3024,"template":"","meta":{"_acf_changed":false},"marka":[],"product_cat":[123,74,82],"product_tag":[],"class_list":{"0":"post-3026","1":"product","2":"type-product","3":"status-publish","4":"has-post-thumbnail","6":"product_cat-yakimasport","7":"product_cat-pilka-nozna","8":"product_cat-sprzet-treningowy-pilka-nozna","10":"first","11":"instock","12":"taxable","13":"shipping-taxable","14":"purchasable","15":"product-type-simple"},"acf":[],"_links":{"self":[{"href":"https:\/\/sportyheaven.pl\/en\/wp-json\/wp\/v2\/product\/3026","targetHints":{"allow":["GET"]}}],"collection":[{"href":"https:\/\/sportyheaven.pl\/en\/wp-json\/wp\/v2\/product"}],"about":[{"href":"https:\/\/sportyheaven.pl\/en\/wp-json\/wp\/v2\/types\/product"}],"version-history":[{"count":2,"href":"https:\/\/sportyheaven.pl\/en\/wp-json\/wp\/v2\/product\/3026\/revisions"}],"predecessor-version":[{"id":5762,"href":"https:\/\/sportyheaven.pl\/en\/wp-json\/wp\/v2\/product\/3026\/revisions\/5762"}],"wp:featuredmedia":[{"embeddable":true,"href":"https:\/\/sportyheaven.pl\/en\/wp-json\/wp\/v2\/media\/3024"}],"wp:attachment":[{"href":"https:\/\/sportyheaven.pl\/en\/wp-json\/wp\/v2\/media?parent=3026"}],"wp:term":[{"taxonomy":"marka","embeddable":true,"href":"https:\/\/sportyheaven.pl\/en\/wp-json\/wp\/v2\/marka?post=3026"},{"taxonomy":"product_cat","embeddable":true,"href":"https:\/\/sportyheaven.pl\/en\/wp-json\/wp\/v2\/product_cat?post=3026"},{"taxonomy":"product_tag","embeddable":true,"href":"https:\/\/sportyheaven.pl\/en\/wp-json\/wp\/v2\/product_tag?post=3026"}],"curies":[{"name":"wp","href":"https:\/\/api.w.org\/{rel}","templated":true}]}}