{"id":3017,"date":"2023-12-13T13:13:58","date_gmt":"2023-12-13T12:13:58","guid":{"rendered":"https:\/\/sportyheaven.pl\/produkty\/koncowka-do-laski-ze-sprezyna\/"},"modified":"2025-04-29T07:04:01","modified_gmt":"2025-04-29T05:04:01","slug":"koncowka-do-laski-ze-sprezyna","status":"publish","type":"product","link":"https:\/\/sportyheaven.pl\/en\/sklep\/koncowka-do-laski-ze-sprezyna\/","title":{"rendered":"Ko\u0144c\u00f3wka do laski ze spr\u0119\u017cyn\u0105"},"content":{"rendered":"<p><span style=\"font-family: 'Open Sans', sans-serif; font-size: 10pt;\">\u2705\u00a0Umo\u017cliwia wbicie laski\u00a0treningowej w pod\u0142o\u017ce <\/span><br \/><span style=\"font-family: 'Open Sans', sans-serif; font-size: 10pt;\">\u2705 Spr\u0119\u017cyna powoduje odchylanie si\u0119 laski na boki<\/span><br \/><span style=\"font-family: 'Open Sans', sans-serif; font-size: 10pt;\">\u2705 Ko\u0144c\u00f3wk\u0119 mo\u017cna wk\u0142ada\u0107 i \u015bci\u0105ga\u0107 wiele razy<\/span><br \/><span style=\"font-family: 'Open Sans', sans-serif; font-size: 10pt;\">\u2705 Pasuje do lasek 1m oraz 1,6m<\/span><\/p>\n","protected":false},"excerpt":{"rendered":"<p>YAKIMASPORT<br \/>\nEAN: 5903137554741<\/p>\n","protected":false},"featured_media":3015,"template":"","meta":{"_acf_changed":false},"marka":[],"product_cat":[123,74,82],"product_tag":[],"class_list":{"0":"post-3017","1":"product","2":"type-product","3":"status-publish","4":"has-post-thumbnail","6":"product_cat-yakimasport","7":"product_cat-pilka-nozna","8":"product_cat-sprzet-treningowy-pilka-nozna","10":"first","11":"instock","12":"taxable","13":"shipping-taxable","14":"purchasable","15":"product-type-simple"},"acf":[],"_links":{"self":[{"href":"https:\/\/sportyheaven.pl\/en\/wp-json\/wp\/v2\/product\/3017","targetHints":{"allow":["GET"]}}],"collection":[{"href":"https:\/\/sportyheaven.pl\/en\/wp-json\/wp\/v2\/product"}],"about":[{"href":"https:\/\/sportyheaven.pl\/en\/wp-json\/wp\/v2\/types\/product"}],"version-history":[{"count":1,"href":"https:\/\/sportyheaven.pl\/en\/wp-json\/wp\/v2\/product\/3017\/revisions"}],"predecessor-version":[{"id":5760,"href":"https:\/\/sportyheaven.pl\/en\/wp-json\/wp\/v2\/product\/3017\/revisions\/5760"}],"wp:featuredmedia":[{"embeddable":true,"href":"https:\/\/sportyheaven.pl\/en\/wp-json\/wp\/v2\/media\/3015"}],"wp:attachment":[{"href":"https:\/\/sportyheaven.pl\/en\/wp-json\/wp\/v2\/media?parent=3017"}],"wp:term":[{"taxonomy":"marka","embeddable":true,"href":"https:\/\/sportyheaven.pl\/en\/wp-json\/wp\/v2\/marka?post=3017"},{"taxonomy":"product_cat","embeddable":true,"href":"https:\/\/sportyheaven.pl\/en\/wp-json\/wp\/v2\/product_cat?post=3017"},{"taxonomy":"product_tag","embeddable":true,"href":"https:\/\/sportyheaven.pl\/en\/wp-json\/wp\/v2\/product_tag?post=3017"}],"curies":[{"name":"wp","href":"https:\/\/api.w.org\/{rel}","templated":true}]}}