{"id":3008,"date":"2023-12-13T13:13:56","date_gmt":"2023-12-13T12:13:56","guid":{"rendered":"https:\/\/sportyheaven.pl\/produkty\/tyczka-treningowa-i-slalomowa-170-cm-tyczki\/"},"modified":"2025-04-29T07:04:01","modified_gmt":"2025-04-29T05:04:01","slug":"tyczka-treningowa-i-slalomowa-170-cm-tyczki","status":"publish","type":"product","link":"https:\/\/sportyheaven.pl\/en\/sklep\/tyczka-treningowa-i-slalomowa-170-cm-tyczki\/","title":{"rendered":"Tyczka treningowa i slalomowa 170cm tyczki"},"content":{"rendered":"<p><span style=\"font-family: 'Open Sans', sans-serif;\"><span style=\"font-size: 10pt;\">\u2705\u00a0Wysoko\u015b\u0107: 170cm<\/span><br \/><span style=\"font-size: 10pt;\">\u2705 \u015arednica: 25mm<\/span><br \/><span style=\"font-size: 10pt;\">\u2705 Tyczka zako\u0144czona metalow\u0105 ko\u0144c\u00f3wk\u0105 pozwalaj\u0105c\u0105 wbicie w muraw\u0119<\/span><br \/><\/span><\/p>\n","protected":false},"excerpt":{"rendered":"<p>YAKIMASPORT<br \/>\nEAN: 5903137554017<\/p>\n","protected":false},"featured_media":5570,"template":"","meta":{"_acf_changed":false},"marka":[],"product_cat":[292,299,367],"product_tag":[],"class_list":{"0":"post-3008","1":"product","2":"type-product","3":"status-publish","4":"has-post-thumbnail","6":"product_cat-football","7":"product_cat-football-training-equipment","8":"product_cat-yakimasport-en","10":"first","11":"instock","12":"taxable","13":"shipping-taxable","14":"purchasable","15":"product-type-simple"},"acf":{"informacje_o_zakupach":"Bezpieczne zakupy, 12 miesi\u0119czna gwarancja!","informacje_o_dostawie_ys":"Szybka realizacja zam\u00f3wienia i dostawa","informacje_o_zwrocie":"14-dniowa mo\u017cliwo\u015b\u0107 zwrotu!"},"_links":{"self":[{"href":"https:\/\/sportyheaven.pl\/en\/wp-json\/wp\/v2\/product\/3008","targetHints":{"allow":["GET"]}}],"collection":[{"href":"https:\/\/sportyheaven.pl\/en\/wp-json\/wp\/v2\/product"}],"about":[{"href":"https:\/\/sportyheaven.pl\/en\/wp-json\/wp\/v2\/types\/product"}],"version-history":[{"count":5,"href":"https:\/\/sportyheaven.pl\/en\/wp-json\/wp\/v2\/product\/3008\/revisions"}],"predecessor-version":[{"id":5757,"href":"https:\/\/sportyheaven.pl\/en\/wp-json\/wp\/v2\/product\/3008\/revisions\/5757"}],"wp:featuredmedia":[{"embeddable":true,"href":"https:\/\/sportyheaven.pl\/en\/wp-json\/wp\/v2\/media\/5570"}],"wp:attachment":[{"href":"https:\/\/sportyheaven.pl\/en\/wp-json\/wp\/v2\/media?parent=3008"}],"wp:term":[{"taxonomy":"marka","embeddable":true,"href":"https:\/\/sportyheaven.pl\/en\/wp-json\/wp\/v2\/marka?post=3008"},{"taxonomy":"product_cat","embeddable":true,"href":"https:\/\/sportyheaven.pl\/en\/wp-json\/wp\/v2\/product_cat?post=3008"},{"taxonomy":"product_tag","embeddable":true,"href":"https:\/\/sportyheaven.pl\/en\/wp-json\/wp\/v2\/product_tag?post=3008"}],"curies":[{"name":"wp","href":"https:\/\/api.w.org\/{rel}","templated":true}]}}