{"id":3005,"date":"2023-12-13T13:13:55","date_gmt":"2023-12-13T12:13:55","guid":{"rendered":"https:\/\/sportyheaven.pl\/produkty\/laska-treningowa-1-m\/"},"modified":"2024-09-30T04:28:09","modified_gmt":"2024-09-30T02:28:09","slug":"laska-treningowa-1-m","status":"publish","type":"product","link":"https:\/\/sportyheaven.pl\/en\/sklep\/laska-treningowa-1-m\/","title":{"rendered":"Laska treningowa 1 m"},"content":{"rendered":"<div style=\"text-align: justify;\"><span style=\"font-family: 'Open Sans', sans-serif; font-size: 12pt;\"><strong>Laska treningowa 1m<br \/><\/strong><br \/>Daje niezliczon\u0105 ilo\u015b\u0107 mo\u017cliwo\u015bci u\u017cytkowania i wykorzystania. Wykonana z trwa\u0142ego materia\u0142u kt\u00f3ry zapewni d\u0142ugotrwa\u0142e u\u017cytkowanie. Lask\u0119 treningow\u0105 mo\u017cna wykorzysta\u0107 podczas trening\u00f3w jako tyczka slalomowa b\u0105d\u017a przy u\u017cyciu dodatkowej podstawki jako wyznacznik boiska. W po\u0142\u0105czeniu z pacho\u0142kami z otworami mo\u017ce zast\u0105pi\u0107 p\u0142otki, czy drabink\u0119 koordynacyjn\u0105. D\u0142ugo\u015b\u0107 laski 1m pozwala dostosowa\u0107 przyrz\u0105d do ka\u017cdego \u0107wiczenia.<\/p>\n<p> <\/span><\/div>\n<div style=\"text-align: justify;\"><span style=\"font-size: 12pt;\"><strong>Specyfikacja:<\/strong><\/span><\/div>\n<div style=\"text-align: justify;\"><span style=\"font-size: 12pt;\"><span style=\"font-family: 'Open Sans', sans-serif;\"><strong>\u2705<\/strong> Laska treningowa o d\u0142ugo\u015bci 1 metra<\/span>,<\/span><\/div>\n<div style=\"text-align: justify;\"><span style=\"font-family: 'Open Sans', sans-serif; font-size: 12pt;\"><strong>\u2705<\/strong> Dost\u0119pne w kolorach: \u017c\u00f3\u0142ty, pomara\u0144czowy, niebieski- w przypadku brak informacji o kolorze, wysy\u0142ane losowe kolory,<\/span><\/div>\n<div style=\"text-align: justify;\"><span style=\"font-size: 12pt;\"><span style=\"font-family: 'Open Sans', sans-serif;\"><strong>\u2705<\/strong> \u015arednica 25 mm<\/span>.<\/span><\/div>\n<div style=\"text-align: justify;\"><span style=\"font-size: 12pt;\"><strong>\u2705<\/strong><span style=\"font-family: 'Open Sans', sans-serif;\">Dost\u0119pne podstawki pod laski do wykorzystania na twardej nawierzchni<\/span><\/p>\n<p><\/span><\/div>\n<div style=\"text-align: justify;\"><span style=\"font-family: 'Open Sans', sans-serif; font-size: 12pt;\">Kod:\u00a0100075<\/span><\/div>\n<p><span style=\"font-size: 12pt;\"><span style=\"font-family: 'Open Sans', sans-serif;\"><\/p>\n<p><iframe width=\"425\" height=\"350\" src=\"\/\/www.youtube.com\/embed\/JIQ-JSTaF3s\"><\/iframe><\/p>\n<p><iframe width=\"560\" height=\"315\" src=\"https:\/\/www.youtube.com\/embed\/ax5lurvOR64\" title=\"YouTube video player\" frameborder=\"0\"><\/iframe><br \/><\/span> <\/span><\/p>\n","protected":false},"excerpt":{"rendered":"<p>YAKIMASPORT<br \/>\nEAN: 5903137554482<\/p>\n","protected":false},"featured_media":3003,"template":"","meta":{"_acf_changed":false},"marka":[],"product_cat":[292,299,367],"product_tag":[],"class_list":{"0":"post-3005","1":"product","2":"type-product","3":"status-publish","4":"has-post-thumbnail","6":"product_cat-football","7":"product_cat-football-training-equipment","8":"product_cat-yakimasport-en","10":"first","11":"instock","12":"taxable","13":"shipping-taxable","14":"purchasable","15":"product-type-simple"},"acf":[],"_links":{"self":[{"href":"https:\/\/sportyheaven.pl\/en\/wp-json\/wp\/v2\/product\/3005","targetHints":{"allow":["GET"]}}],"collection":[{"href":"https:\/\/sportyheaven.pl\/en\/wp-json\/wp\/v2\/product"}],"about":[{"href":"https:\/\/sportyheaven.pl\/en\/wp-json\/wp\/v2\/types\/product"}],"version-history":[{"count":2,"href":"https:\/\/sportyheaven.pl\/en\/wp-json\/wp\/v2\/product\/3005\/revisions"}],"predecessor-version":[{"id":5569,"href":"https:\/\/sportyheaven.pl\/en\/wp-json\/wp\/v2\/product\/3005\/revisions\/5569"}],"wp:featuredmedia":[{"embeddable":true,"href":"https:\/\/sportyheaven.pl\/en\/wp-json\/wp\/v2\/media\/3003"}],"wp:attachment":[{"href":"https:\/\/sportyheaven.pl\/en\/wp-json\/wp\/v2\/media?parent=3005"}],"wp:term":[{"taxonomy":"marka","embeddable":true,"href":"https:\/\/sportyheaven.pl\/en\/wp-json\/wp\/v2\/marka?post=3005"},{"taxonomy":"product_cat","embeddable":true,"href":"https:\/\/sportyheaven.pl\/en\/wp-json\/wp\/v2\/product_cat?post=3005"},{"taxonomy":"product_tag","embeddable":true,"href":"https:\/\/sportyheaven.pl\/en\/wp-json\/wp\/v2\/product_tag?post=3005"}],"curies":[{"name":"wp","href":"https:\/\/api.w.org\/{rel}","templated":true}]}}