{"id":2999,"date":"2023-12-13T13:13:53","date_gmt":"2023-12-13T12:13:53","guid":{"rendered":"https:\/\/sportyheaven.pl\/produkty\/numery-na-pacholki-10-sztuk\/"},"modified":"2025-04-29T07:01:13","modified_gmt":"2025-04-29T05:01:13","slug":"numery-na-pacholki-10-sztuk","status":"publish","type":"product","link":"https:\/\/sportyheaven.pl\/en\/sklep\/numery-na-pacholki-10-sztuk\/","title":{"rendered":"Numery na pacho\u0142ki 10 sztuk"},"content":{"rendered":"<p><span style=\"font-size: 10pt;\"><span style=\"font-family: 'Open Sans', sans-serif;\">\u2705 Niezb\u0119dne przy wyznaczaniu pola \u0107wicze\u0144 i gier z mniejsz\u0105 ilo\u015bci\u0105 zawodnik\u00f3w,<br \/>\u2705 Rozszerzaj\u0105 funkcje pacho\u0142k\u00f3w treningowych<br \/>\u2705 Pasuj\u0105 na pacho\u0142ki o wysoko\u015bci 23 cm i 38 cm<br \/><\/span><span style=\"font-family: 'Open Sans', sans-serif;\">\u2705 W zestawie 10 sztuk koszulek<\/span><\/span><span style=\"font-size: 10pt; font-family: 'Open Sans', sans-serif;\"> <br \/><\/span><\/p>\n","protected":false},"excerpt":{"rendered":"<p>YAKIMASPORT<br \/>\nEAN: 5903796710960<\/p>\n","protected":false},"featured_media":2997,"template":"","meta":{"_acf_changed":false},"marka":[],"product_cat":[123,74,82,81],"product_tag":[],"class_list":{"0":"post-2999","1":"product","2":"type-product","3":"status-publish","4":"has-post-thumbnail","6":"product_cat-yakimasport","7":"product_cat-pilka-nozna","8":"product_cat-sprzet-treningowy-pilka-nozna","9":"product_cat-pacholki-treningowe","11":"first","12":"instock","13":"taxable","14":"shipping-taxable","15":"purchasable","16":"product-type-simple"},"acf":[],"_links":{"self":[{"href":"https:\/\/sportyheaven.pl\/en\/wp-json\/wp\/v2\/product\/2999","targetHints":{"allow":["GET"]}}],"collection":[{"href":"https:\/\/sportyheaven.pl\/en\/wp-json\/wp\/v2\/product"}],"about":[{"href":"https:\/\/sportyheaven.pl\/en\/wp-json\/wp\/v2\/types\/product"}],"version-history":[{"count":2,"href":"https:\/\/sportyheaven.pl\/en\/wp-json\/wp\/v2\/product\/2999\/revisions"}],"predecessor-version":[{"id":5858,"href":"https:\/\/sportyheaven.pl\/en\/wp-json\/wp\/v2\/product\/2999\/revisions\/5858"}],"wp:featuredmedia":[{"embeddable":true,"href":"https:\/\/sportyheaven.pl\/en\/wp-json\/wp\/v2\/media\/2997"}],"wp:attachment":[{"href":"https:\/\/sportyheaven.pl\/en\/wp-json\/wp\/v2\/media?parent=2999"}],"wp:term":[{"taxonomy":"marka","embeddable":true,"href":"https:\/\/sportyheaven.pl\/en\/wp-json\/wp\/v2\/marka?post=2999"},{"taxonomy":"product_cat","embeddable":true,"href":"https:\/\/sportyheaven.pl\/en\/wp-json\/wp\/v2\/product_cat?post=2999"},{"taxonomy":"product_tag","embeddable":true,"href":"https:\/\/sportyheaven.pl\/en\/wp-json\/wp\/v2\/product_tag?post=2999"}],"curies":[{"name":"wp","href":"https:\/\/api.w.org\/{rel}","templated":true}]}}