{"id":2996,"date":"2023-12-13T13:13:52","date_gmt":"2023-12-13T12:13:52","guid":{"rendered":"https:\/\/sportyheaven.pl\/produkty\/pacholek-wysoki-z-dziurami-38-cm\/"},"modified":"2025-02-08T12:23:31","modified_gmt":"2025-02-08T11:23:31","slug":"pacholek-wysoki-z-dziurami-38-cm","status":"publish","type":"product","link":"https:\/\/sportyheaven.pl\/en\/sklep\/pacholek-wysoki-z-dziurami-38-cm\/","title":{"rendered":"Pacho\u0142ek wysoki z otworami, dziurami 38 cm"},"content":{"rendered":"<p><span style=\"font-family: 'Open Sans', sans-serif; font-size: 10pt;\">\u2705 Wysoko\u015b\u0107: 38cm<\/span><br \/><span style=\"font-family: 'Open Sans', sans-serif; font-size: 10pt;\">\u2705 Otwory umo\u017cliwiaj\u0105ce tworzenie dowolnych zestaw\u00f3w koordynacyjnych<\/span><br \/><span style=\"font-family: 'Open Sans', sans-serif; font-size: 10pt;\">\u2705 Dost\u0119pne w kilku kolorach<br \/>\u2705 Pasuje do lasek treningowych 1m lub 1,6m o \u015brednicy 25mm<br \/><\/span><\/p>\n","protected":false},"excerpt":{"rendered":"<p>YAKIMASPORT<br \/>\nEAN: 5903137554437<\/p>\n","protected":false},"featured_media":2994,"template":"","meta":{"_acf_changed":false},"marka":[],"product_cat":[123,74,82,81],"product_tag":[],"class_list":{"0":"post-2996","1":"product","2":"type-product","3":"status-publish","4":"has-post-thumbnail","6":"product_cat-yakimasport","7":"product_cat-pilka-nozna","8":"product_cat-sprzet-treningowy-pilka-nozna","9":"product_cat-pacholki-treningowe","11":"first","12":"instock","13":"taxable","14":"shipping-taxable","15":"purchasable","16":"product-type-simple"},"acf":[],"_links":{"self":[{"href":"https:\/\/sportyheaven.pl\/en\/wp-json\/wp\/v2\/product\/2996","targetHints":{"allow":["GET"]}}],"collection":[{"href":"https:\/\/sportyheaven.pl\/en\/wp-json\/wp\/v2\/product"}],"about":[{"href":"https:\/\/sportyheaven.pl\/en\/wp-json\/wp\/v2\/types\/product"}],"version-history":[{"count":3,"href":"https:\/\/sportyheaven.pl\/en\/wp-json\/wp\/v2\/product\/2996\/revisions"}],"predecessor-version":[{"id":5743,"href":"https:\/\/sportyheaven.pl\/en\/wp-json\/wp\/v2\/product\/2996\/revisions\/5743"}],"wp:featuredmedia":[{"embeddable":true,"href":"https:\/\/sportyheaven.pl\/en\/wp-json\/wp\/v2\/media\/2994"}],"wp:attachment":[{"href":"https:\/\/sportyheaven.pl\/en\/wp-json\/wp\/v2\/media?parent=2996"}],"wp:term":[{"taxonomy":"marka","embeddable":true,"href":"https:\/\/sportyheaven.pl\/en\/wp-json\/wp\/v2\/marka?post=2996"},{"taxonomy":"product_cat","embeddable":true,"href":"https:\/\/sportyheaven.pl\/en\/wp-json\/wp\/v2\/product_cat?post=2996"},{"taxonomy":"product_tag","embeddable":true,"href":"https:\/\/sportyheaven.pl\/en\/wp-json\/wp\/v2\/product_tag?post=2996"}],"curies":[{"name":"wp","href":"https:\/\/api.w.org\/{rel}","templated":true}]}}