{"id":2993,"date":"2023-12-13T13:13:51","date_gmt":"2023-12-13T12:13:51","guid":{"rendered":"https:\/\/sportyheaven.pl\/produkty\/pacholek-z-otworami-23-cm\/"},"modified":"2025-04-29T07:01:13","modified_gmt":"2025-04-29T05:01:13","slug":"pacholek-z-otworami-23-cm","status":"publish","type":"product","link":"https:\/\/sportyheaven.pl\/en\/sklep\/pacholek-z-otworami-23-cm\/","title":{"rendered":"Pacho\u0142ek z otworami 23cm"},"content":{"rendered":"<p><span style=\"font-family: 'Open Sans', sans-serif; font-size: 10pt;\">\u2705 Wysoko\u015b\u0107 pacho\u0142ka 23cm\u00a0<\/span><br \/><span style=\"font-family: 'Open Sans', sans-serif; font-size: 10pt;\">\u2705 Dost\u0119pne w kilku kolorach<\/span><br \/><span style=\"font-family: 'Open Sans', sans-serif; font-size: 10pt;\">\u2705 Otwory pasuj\u0105 do lasek yakimasport 1m oraz 1,6m <\/span><\/p>\n","protected":false},"excerpt":{"rendered":"<p>YAKIMASPORT<br \/>\nEAN: 5903137554321<\/p>\n","protected":false},"featured_media":5535,"template":"","meta":{"_acf_changed":false},"marka":[],"product_cat":[296,292,299,367],"product_tag":[],"class_list":{"0":"post-2993","1":"product","2":"type-product","3":"status-publish","4":"has-post-thumbnail","6":"product_cat-training-cones","7":"product_cat-football","8":"product_cat-football-training-equipment","9":"product_cat-yakimasport-en","11":"first","12":"instock","13":"taxable","14":"shipping-taxable","15":"purchasable","16":"product-type-simple"},"acf":{"informacje_o_zakupach":"Bezpieczne zakupy, 12 miesi\u0119czna gwarancja!","informacje_o_dostawie_ys":"Szybka realizacja zam\u00f3wienia i dostawa","informacje_o_zwrocie":"14-dniowa mo\u017cliwo\u015b\u0107 zwrotu!"},"_links":{"self":[{"href":"https:\/\/sportyheaven.pl\/en\/wp-json\/wp\/v2\/product\/2993","targetHints":{"allow":["GET"]}}],"collection":[{"href":"https:\/\/sportyheaven.pl\/en\/wp-json\/wp\/v2\/product"}],"about":[{"href":"https:\/\/sportyheaven.pl\/en\/wp-json\/wp\/v2\/types\/product"}],"version-history":[{"count":3,"href":"https:\/\/sportyheaven.pl\/en\/wp-json\/wp\/v2\/product\/2993\/revisions"}],"predecessor-version":[{"id":5742,"href":"https:\/\/sportyheaven.pl\/en\/wp-json\/wp\/v2\/product\/2993\/revisions\/5742"}],"wp:featuredmedia":[{"embeddable":true,"href":"https:\/\/sportyheaven.pl\/en\/wp-json\/wp\/v2\/media\/5535"}],"wp:attachment":[{"href":"https:\/\/sportyheaven.pl\/en\/wp-json\/wp\/v2\/media?parent=2993"}],"wp:term":[{"taxonomy":"marka","embeddable":true,"href":"https:\/\/sportyheaven.pl\/en\/wp-json\/wp\/v2\/marka?post=2993"},{"taxonomy":"product_cat","embeddable":true,"href":"https:\/\/sportyheaven.pl\/en\/wp-json\/wp\/v2\/product_cat?post=2993"},{"taxonomy":"product_tag","embeddable":true,"href":"https:\/\/sportyheaven.pl\/en\/wp-json\/wp\/v2\/product_tag?post=2993"}],"curies":[{"name":"wp","href":"https:\/\/api.w.org\/{rel}","templated":true}]}}