{"id":2987,"date":"2023-12-13T13:13:48","date_gmt":"2023-12-13T12:13:48","guid":{"rendered":"https:\/\/sportyheaven.pl\/produkty\/plotek-aluminiowy-z-regulowana-wysokoscia-samowstajacy-70-106-cm\/"},"modified":"2025-02-15T15:52:55","modified_gmt":"2025-02-15T14:52:55","slug":"plotek-aluminiowy-z-regulowana-wysokoscia-samowstajacy-70-106-cm","status":"publish","type":"product","link":"https:\/\/sportyheaven.pl\/en\/sklep\/plotek-aluminiowy-z-regulowana-wysokoscia-samowstajacy-70-106-cm\/","title":{"rendered":"P\u0142otek aluminiowy z regulowan\u0105 wysoko\u015bci\u0105 samowstaj\u0105cy 70-106 cm"},"content":{"rendered":"<p><span style=\"font-family: 'Open Sans', sans-serif; font-size: 10pt;\">\u2705\u00a0Materia\u0142: aluminium<br \/>\u2705\u00a0Mo\u017cliwe wysoko\u015bci: 70\/76\/84\/91\/100\/106cm <\/span><\/p>\n","protected":false},"excerpt":{"rendered":"<p>YAKIMASPORT<br \/>\nEAN: 5906718236876<\/p>\n","protected":false},"featured_media":2985,"template":"","meta":{"_acf_changed":false},"marka":[],"product_cat":[123,74,82],"product_tag":[],"class_list":{"0":"post-2987","1":"product","2":"type-product","3":"status-publish","4":"has-post-thumbnail","6":"product_cat-yakimasport","7":"product_cat-pilka-nozna","8":"product_cat-sprzet-treningowy-pilka-nozna","10":"first","11":"instock","12":"taxable","13":"shipping-taxable","14":"purchasable","15":"product-type-simple"},"acf":[],"_links":{"self":[{"href":"https:\/\/sportyheaven.pl\/en\/wp-json\/wp\/v2\/product\/2987","targetHints":{"allow":["GET"]}}],"collection":[{"href":"https:\/\/sportyheaven.pl\/en\/wp-json\/wp\/v2\/product"}],"about":[{"href":"https:\/\/sportyheaven.pl\/en\/wp-json\/wp\/v2\/types\/product"}],"version-history":[{"count":2,"href":"https:\/\/sportyheaven.pl\/en\/wp-json\/wp\/v2\/product\/2987\/revisions"}],"predecessor-version":[{"id":5672,"href":"https:\/\/sportyheaven.pl\/en\/wp-json\/wp\/v2\/product\/2987\/revisions\/5672"}],"wp:featuredmedia":[{"embeddable":true,"href":"https:\/\/sportyheaven.pl\/en\/wp-json\/wp\/v2\/media\/2985"}],"wp:attachment":[{"href":"https:\/\/sportyheaven.pl\/en\/wp-json\/wp\/v2\/media?parent=2987"}],"wp:term":[{"taxonomy":"marka","embeddable":true,"href":"https:\/\/sportyheaven.pl\/en\/wp-json\/wp\/v2\/marka?post=2987"},{"taxonomy":"product_cat","embeddable":true,"href":"https:\/\/sportyheaven.pl\/en\/wp-json\/wp\/v2\/product_cat?post=2987"},{"taxonomy":"product_tag","embeddable":true,"href":"https:\/\/sportyheaven.pl\/en\/wp-json\/wp\/v2\/product_tag?post=2987"}],"curies":[{"name":"wp","href":"https:\/\/api.w.org\/{rel}","templated":true}]}}