{"id":2975,"date":"2023-12-13T13:13:45","date_gmt":"2023-12-13T12:13:45","guid":{"rendered":"https:\/\/sportyheaven.pl\/produkty\/plotek-samowstajacy-koordynacyjny-20-cm\/"},"modified":"2024-12-25T22:57:21","modified_gmt":"2024-12-25T21:57:21","slug":"plotek-samowstajacy-koordynacyjny-20-cm","status":"publish","type":"product","link":"https:\/\/sportyheaven.pl\/en\/sklep\/plotek-samowstajacy-koordynacyjny-20-cm\/","title":{"rendered":"P\u0142otek samowstaj\u0105cy, koordynacyjny 20 cm"},"content":{"rendered":"<p><span style=\"font-family: 'Open Sans', sans-serif; font-size: 10pt;\">\u2705 Usprawnia trening poprzez powr\u00f3t do pozycji pierwotnej po zahaczeniu przez \u0107wicz\u0105cego<\/span><br \/><span style=\"font-family: 'Open Sans', sans-serif; font-size: 10pt;\">\u2705 Dzi\u0119ki powi\u0119kszonej masie nie przesuwa si\u0119 podczas treningu na powietrzu<\/span><\/p>\n","protected":false},"excerpt":{"rendered":"<p>YAKIMASPORT<br \/>\nEAN: 5903137554932<\/p>\n","protected":false},"featured_media":2973,"template":"","meta":{"_acf_changed":false},"marka":[],"product_cat":[123,74,82],"product_tag":[],"class_list":{"0":"post-2975","1":"product","2":"type-product","3":"status-publish","4":"has-post-thumbnail","6":"product_cat-yakimasport","7":"product_cat-pilka-nozna","8":"product_cat-sprzet-treningowy-pilka-nozna","10":"first","11":"instock","12":"taxable","13":"shipping-taxable","14":"purchasable","15":"product-type-simple"},"acf":[],"_links":{"self":[{"href":"https:\/\/sportyheaven.pl\/en\/wp-json\/wp\/v2\/product\/2975","targetHints":{"allow":["GET"]}}],"collection":[{"href":"https:\/\/sportyheaven.pl\/en\/wp-json\/wp\/v2\/product"}],"about":[{"href":"https:\/\/sportyheaven.pl\/en\/wp-json\/wp\/v2\/types\/product"}],"version-history":[{"count":2,"href":"https:\/\/sportyheaven.pl\/en\/wp-json\/wp\/v2\/product\/2975\/revisions"}],"predecessor-version":[{"id":5666,"href":"https:\/\/sportyheaven.pl\/en\/wp-json\/wp\/v2\/product\/2975\/revisions\/5666"}],"wp:featuredmedia":[{"embeddable":true,"href":"https:\/\/sportyheaven.pl\/en\/wp-json\/wp\/v2\/media\/2973"}],"wp:attachment":[{"href":"https:\/\/sportyheaven.pl\/en\/wp-json\/wp\/v2\/media?parent=2975"}],"wp:term":[{"taxonomy":"marka","embeddable":true,"href":"https:\/\/sportyheaven.pl\/en\/wp-json\/wp\/v2\/marka?post=2975"},{"taxonomy":"product_cat","embeddable":true,"href":"https:\/\/sportyheaven.pl\/en\/wp-json\/wp\/v2\/product_cat?post=2975"},{"taxonomy":"product_tag","embeddable":true,"href":"https:\/\/sportyheaven.pl\/en\/wp-json\/wp\/v2\/product_tag?post=2975"}],"curies":[{"name":"wp","href":"https:\/\/api.w.org\/{rel}","templated":true}]}}