{"id":2969,"date":"2023-12-13T13:13:42","date_gmt":"2023-12-13T12:13:42","guid":{"rendered":"https:\/\/sportyheaven.pl\/produkty\/plotek-elastyczny-23-cm-koordynacyjny\/"},"modified":"2025-04-29T06:58:30","modified_gmt":"2025-04-29T04:58:30","slug":"plotek-elastyczny-23-cm-koordynacyjny","status":"publish","type":"product","link":"https:\/\/sportyheaven.pl\/en\/sklep\/plotek-elastyczny-23-cm-koordynacyjny\/","title":{"rendered":"P\u0142otek elastyczny 23cm koordynacyjny"},"content":{"rendered":"<p><span style=\"font-family: 'Open Sans', sans-serif; font-size: 10pt;\">\u2705 Bardzo wytrzyma\u0142e ze wzgl\u0119du na elastyczny materia\u0142 wykonania<\/span><br \/><span style=\"font-family: 'Open Sans', sans-serif; font-size: 10pt;\">\u2705 Po nadepni\u0119ciu przez \u0107wicz\u0105cego ugina si\u0119 i powraca do pierwotnego kszta\u0142tu<br \/>\u2705 Odporny na z\u0142amania i uszkodzenia<\/span><\/p>\n","protected":false},"excerpt":{"rendered":"<p>YAKIMASPORT<br \/>\nEAN: 5903137554918<\/p>\n","protected":false},"featured_media":5625,"template":"","meta":{"_acf_changed":false},"marka":[],"product_cat":[123,74,82],"product_tag":[],"class_list":{"0":"post-2969","1":"product","2":"type-product","3":"status-publish","4":"has-post-thumbnail","6":"product_cat-yakimasport","7":"product_cat-pilka-nozna","8":"product_cat-sprzet-treningowy-pilka-nozna","10":"first","11":"instock","12":"taxable","13":"shipping-taxable","14":"purchasable","15":"product-type-simple"},"acf":[],"_links":{"self":[{"href":"https:\/\/sportyheaven.pl\/en\/wp-json\/wp\/v2\/product\/2969","targetHints":{"allow":["GET"]}}],"collection":[{"href":"https:\/\/sportyheaven.pl\/en\/wp-json\/wp\/v2\/product"}],"about":[{"href":"https:\/\/sportyheaven.pl\/en\/wp-json\/wp\/v2\/types\/product"}],"version-history":[{"count":4,"href":"https:\/\/sportyheaven.pl\/en\/wp-json\/wp\/v2\/product\/2969\/revisions"}],"predecessor-version":[{"id":5664,"href":"https:\/\/sportyheaven.pl\/en\/wp-json\/wp\/v2\/product\/2969\/revisions\/5664"}],"wp:featuredmedia":[{"embeddable":true,"href":"https:\/\/sportyheaven.pl\/en\/wp-json\/wp\/v2\/media\/5625"}],"wp:attachment":[{"href":"https:\/\/sportyheaven.pl\/en\/wp-json\/wp\/v2\/media?parent=2969"}],"wp:term":[{"taxonomy":"marka","embeddable":true,"href":"https:\/\/sportyheaven.pl\/en\/wp-json\/wp\/v2\/marka?post=2969"},{"taxonomy":"product_cat","embeddable":true,"href":"https:\/\/sportyheaven.pl\/en\/wp-json\/wp\/v2\/product_cat?post=2969"},{"taxonomy":"product_tag","embeddable":true,"href":"https:\/\/sportyheaven.pl\/en\/wp-json\/wp\/v2\/product_tag?post=2969"}],"curies":[{"name":"wp","href":"https:\/\/api.w.org\/{rel}","templated":true}]}}