{"id":2951,"date":"2023-12-13T13:13:36","date_gmt":"2023-12-13T12:13:36","guid":{"rendered":"https:\/\/sportyheaven.pl\/produkty\/znaczniki-pola-plaskie-numerowane-1-10\/"},"modified":"2025-04-29T06:50:46","modified_gmt":"2025-04-29T04:50:46","slug":"znaczniki-pola-plaskie-numerowane-1-10","status":"publish","type":"product","link":"https:\/\/sportyheaven.pl\/en\/sklep\/znaczniki-pola-plaskie-numerowane-1-10\/","title":{"rendered":"Znaczniki pola p\u0142askie, numerowane 1-10"},"content":{"rendered":"<p><span style=\"font-family: 'Open Sans', sans-serif; font-size: 10pt;\">\u2705\u00a0Znaczniki s\u0105 numerowane od 1 do 10 <\/span><br \/><span style=\"font-family: 'Open Sans', sans-serif; font-size: 10pt;\">\u2705 Po ustawieniu nie \u015blizgaj\u0105 si\u0119 na parkiecie <\/span><br \/><span style=\"font-family: 'Open Sans', sans-serif; font-size: 10pt;\">\u2705 W sk\u0142ad zestawu wchodzi 10 sztuk<\/span><br \/><span style=\"font-family: 'Open Sans', sans-serif; font-size: 10pt;\">\u2705 Numery na znacznikach rozszerzaj\u0105 ich funkcje podczas treningu<\/span><\/p>\n","protected":false},"excerpt":{"rendered":"<p>YAKIMASPORT<br \/>\nEAN: 5903796710953<\/p>\n","protected":false},"featured_media":2949,"template":"","meta":{"_acf_changed":false},"marka":[],"product_cat":[292,299,367],"product_tag":[],"class_list":{"0":"post-2951","1":"product","2":"type-product","3":"status-publish","4":"has-post-thumbnail","6":"product_cat-football","7":"product_cat-football-training-equipment","8":"product_cat-yakimasport-en","10":"first","11":"instock","12":"taxable","13":"shipping-taxable","14":"purchasable","15":"product-type-simple"},"acf":[],"_links":{"self":[{"href":"https:\/\/sportyheaven.pl\/en\/wp-json\/wp\/v2\/product\/2951","targetHints":{"allow":["GET"]}}],"collection":[{"href":"https:\/\/sportyheaven.pl\/en\/wp-json\/wp\/v2\/product"}],"about":[{"href":"https:\/\/sportyheaven.pl\/en\/wp-json\/wp\/v2\/types\/product"}],"version-history":[{"count":1,"href":"https:\/\/sportyheaven.pl\/en\/wp-json\/wp\/v2\/product\/2951\/revisions"}],"predecessor-version":[{"id":5756,"href":"https:\/\/sportyheaven.pl\/en\/wp-json\/wp\/v2\/product\/2951\/revisions\/5756"}],"wp:featuredmedia":[{"embeddable":true,"href":"https:\/\/sportyheaven.pl\/en\/wp-json\/wp\/v2\/media\/2949"}],"wp:attachment":[{"href":"https:\/\/sportyheaven.pl\/en\/wp-json\/wp\/v2\/media?parent=2951"}],"wp:term":[{"taxonomy":"marka","embeddable":true,"href":"https:\/\/sportyheaven.pl\/en\/wp-json\/wp\/v2\/marka?post=2951"},{"taxonomy":"product_cat","embeddable":true,"href":"https:\/\/sportyheaven.pl\/en\/wp-json\/wp\/v2\/product_cat?post=2951"},{"taxonomy":"product_tag","embeddable":true,"href":"https:\/\/sportyheaven.pl\/en\/wp-json\/wp\/v2\/product_tag?post=2951"}],"curies":[{"name":"wp","href":"https:\/\/api.w.org\/{rel}","templated":true}]}}