{"id":2945,"date":"2023-12-13T13:13:34","date_gmt":"2023-12-13T12:13:34","guid":{"rendered":"https:\/\/sportyheaven.pl\/produkty\/znaczniki-pola-plaskie-maty-znakujace-zestaw-20-szt-zolto-pomaranczowe\/"},"modified":"2025-04-29T06:50:46","modified_gmt":"2025-04-29T04:50:46","slug":"znaczniki-pola-plaskie-maty-znakujace-zestaw-20-szt-zolto-pomaranczowe","status":"publish","type":"product","link":"https:\/\/sportyheaven.pl\/en\/sklep\/znaczniki-pola-plaskie-maty-znakujace-zestaw-20-szt-zolto-pomaranczowe\/","title":{"rendered":"Znaczniki pola p\u0142askie (maty znakuj\u0105ce) &#8211; zestaw 20 szt. \u017c\u00f3\u0142to-pomara\u0144czowe"},"content":{"rendered":"<p><span style=\"font-family: 'Open Sans', sans-serif; font-size: 10pt;\">\u2705\u00a0Po ustawieniu nie \u015blizgaj\u0105 si\u0119 na parkiecie<\/span><br \/><span style=\"font-family: 'Open Sans', sans-serif; font-size: 10pt;\">\u2705 \u015arednica k\u00f3\u0142ka 15cm<\/span><br \/><span style=\"font-family: 'Open Sans', sans-serif; font-size: 10pt;\">\u2705 Kolor: 10 \u017c\u00f3\u0142tych oraz 10 czerwonych<\/span><br \/><span style=\"font-family: 'Open Sans', sans-serif; font-size: 10pt;\">\u2705 Stojak w zestawie<\/span><\/p>\n","protected":false},"excerpt":{"rendered":"<p>Yakima<br \/>\nEAN: 5906718236241<\/p>\n","protected":false},"featured_media":5302,"template":"","meta":{"_acf_changed":false},"marka":[],"product_cat":[74,82,123],"product_tag":[],"class_list":{"0":"post-2945","1":"product","2":"type-product","3":"status-publish","4":"has-post-thumbnail","6":"product_cat-pilka-nozna","7":"product_cat-sprzet-treningowy-pilka-nozna","8":"product_cat-yakimasport","10":"first","11":"instock","12":"taxable","13":"shipping-taxable","14":"purchasable","15":"product-type-simple"},"acf":{"informacje_o_zakupach":"Bezpieczne zakupy, 12 miesi\u0119czna gwarancja!","informacje_o_dostawie_ys":"Szybka realizacja zam\u00f3wienia i dostawa","informacje_o_zwrocie":"14-dniowa mo\u017cliwo\u015b\u0107 zwrotu!"},"_links":{"self":[{"href":"https:\/\/sportyheaven.pl\/en\/wp-json\/wp\/v2\/product\/2945","targetHints":{"allow":["GET"]}}],"collection":[{"href":"https:\/\/sportyheaven.pl\/en\/wp-json\/wp\/v2\/product"}],"about":[{"href":"https:\/\/sportyheaven.pl\/en\/wp-json\/wp\/v2\/types\/product"}],"version-history":[{"count":1,"href":"https:\/\/sportyheaven.pl\/en\/wp-json\/wp\/v2\/product\/2945\/revisions"}],"predecessor-version":[{"id":5738,"href":"https:\/\/sportyheaven.pl\/en\/wp-json\/wp\/v2\/product\/2945\/revisions\/5738"}],"wp:featuredmedia":[{"embeddable":true,"href":"https:\/\/sportyheaven.pl\/en\/wp-json\/wp\/v2\/media\/5302"}],"wp:attachment":[{"href":"https:\/\/sportyheaven.pl\/en\/wp-json\/wp\/v2\/media?parent=2945"}],"wp:term":[{"taxonomy":"marka","embeddable":true,"href":"https:\/\/sportyheaven.pl\/en\/wp-json\/wp\/v2\/marka?post=2945"},{"taxonomy":"product_cat","embeddable":true,"href":"https:\/\/sportyheaven.pl\/en\/wp-json\/wp\/v2\/product_cat?post=2945"},{"taxonomy":"product_tag","embeddable":true,"href":"https:\/\/sportyheaven.pl\/en\/wp-json\/wp\/v2\/product_tag?post=2945"}],"curies":[{"name":"wp","href":"https:\/\/api.w.org\/{rel}","templated":true}]}}