{"id":2942,"date":"2023-12-13T13:13:31","date_gmt":"2023-12-13T12:13:31","guid":{"rendered":"https:\/\/sportyheaven.pl\/produkty\/znaczniki-pola-plaskie-maty-znakujace-zestaw-12-szt-niebiesko-czerwone\/"},"modified":"2024-04-03T03:27:23","modified_gmt":"2024-04-03T01:27:23","slug":"znaczniki-pola-plaskie-maty-znakujace-zestaw-12-szt-niebiesko-czerwone","status":"publish","type":"product","link":"https:\/\/sportyheaven.pl\/en\/sklep\/znaczniki-pola-plaskie-maty-znakujace-zestaw-12-szt-niebiesko-czerwone\/","title":{"rendered":"Znaczniki pola p\u0142askie (maty znakuj\u0105ce) &#8211; zestaw 12 szt. niebiesko-czerwone"},"content":{"rendered":"<p><span style=\"font-size:10pt;font-family:'Open Sans', sans-serif;\"><strong>Znaczniki pola p\u0142askie, maty znakuj\u0105ce &#8211; zestaw 12 szt.<\/strong><\/span><\/p>\n<p><span style=\"font-size:10pt;font-family:'Open Sans', sans-serif;\">&#8211; Do u\u017cytku na halach lub boiskach naturalnych.<br \/>&#8211; Po ustawieniu nie \u015blizgaj\u0105 si\u0119 na parkiecie.<br \/>&#8211; Wykonane z odpornej gumy.<\/span><br \/><span style=\"font-size:10pt;font-family:'Open Sans', sans-serif;\">&#8211; Praktyczne, zapewniaj\u0105ce dobre oparcie stopy.\u00a0<\/span><br \/><span style=\"font-size:10pt;font-family:'Open Sans', sans-serif;\">&#8211; W sk\u0142ad zestawu wchodzi 12 sztuk\u00a0<\/span><br \/><span style=\"font-size:10pt;font-family:'Open Sans', sans-serif;\">&#8211; \u015arednica k\u00f3\u0142ka 15cm.<br \/>&#8211; Kolor: niebiesko-czerwony<br \/><\/span><br \/><span style=\"font-size:10pt;font-family:'Open Sans', sans-serif;\">Kod produktu:\u00a0100384<\/span><\/p>\n","protected":false},"excerpt":{"rendered":"<p>YAKIMASPORT<br \/>\nEAN: 5903796710526<\/p>\n","protected":false},"featured_media":2940,"template":"","meta":{"_acf_changed":false},"marka":[],"product_cat":[123,74,82],"product_tag":[],"class_list":{"0":"post-2942","1":"product","2":"type-product","3":"status-publish","4":"has-post-thumbnail","6":"product_cat-yakimasport","7":"product_cat-pilka-nozna","8":"product_cat-sprzet-treningowy-pilka-nozna","10":"first","11":"instock","12":"taxable","13":"shipping-taxable","14":"purchasable","15":"product-type-simple"},"acf":[],"_links":{"self":[{"href":"https:\/\/sportyheaven.pl\/en\/wp-json\/wp\/v2\/product\/2942","targetHints":{"allow":["GET"]}}],"collection":[{"href":"https:\/\/sportyheaven.pl\/en\/wp-json\/wp\/v2\/product"}],"about":[{"href":"https:\/\/sportyheaven.pl\/en\/wp-json\/wp\/v2\/types\/product"}],"version-history":[{"count":0,"href":"https:\/\/sportyheaven.pl\/en\/wp-json\/wp\/v2\/product\/2942\/revisions"}],"wp:featuredmedia":[{"embeddable":true,"href":"https:\/\/sportyheaven.pl\/en\/wp-json\/wp\/v2\/media\/2940"}],"wp:attachment":[{"href":"https:\/\/sportyheaven.pl\/en\/wp-json\/wp\/v2\/media?parent=2942"}],"wp:term":[{"taxonomy":"marka","embeddable":true,"href":"https:\/\/sportyheaven.pl\/en\/wp-json\/wp\/v2\/marka?post=2942"},{"taxonomy":"product_cat","embeddable":true,"href":"https:\/\/sportyheaven.pl\/en\/wp-json\/wp\/v2\/product_cat?post=2942"},{"taxonomy":"product_tag","embeddable":true,"href":"https:\/\/sportyheaven.pl\/en\/wp-json\/wp\/v2\/product_tag?post=2942"}],"curies":[{"name":"wp","href":"https:\/\/api.w.org\/{rel}","templated":true}]}}