{"id":2936,"date":"2023-12-13T13:13:28","date_gmt":"2023-12-13T12:13:28","guid":{"rendered":"https:\/\/sportyheaven.pl\/produkty\/zestaw-pacholek-chinczyk-20-sztuk\/"},"modified":"2025-04-29T06:49:34","modified_gmt":"2025-04-29T04:49:34","slug":"zestaw-pacholek-chinczyk-20-sztuk","status":"publish","type":"product","link":"https:\/\/sportyheaven.pl\/en\/sklep\/zestaw-pacholek-chinczyk-20-sztuk\/","title":{"rendered":"Zestaw &#8211; pacho\u0142ek, chi\u0144czyk 20 sztuk"},"content":{"rendered":"<p><span style=\"font-size: 10pt;\"><span style=\"font-family: 'Open Sans', sans-serif;\">\u2705\u00a0Otwory umo\u017cliwiaj\u0105 ustawienia w poprzek laski treningowej na 3 wysoko\u015bciach: 5cm, 10cm oraz 15cm<br \/>\u2705 Zestaw sk\u0142ada si\u0119 z wysepek w 2\u00a0kolorach<br \/><\/span><span style=\"font-family: 'Open Sans', sans-serif;\">\u2705 Zawiera 20szt wysepek ze stojakiem<\/span><\/span><span style=\"font-family: 'Open Sans', sans-serif; font-size: 10pt;\"> <br \/><\/span><\/p>\n","protected":false},"excerpt":{"rendered":"<p>YAKIMASPORT<br \/>\nEAN: 5906718236302<\/p>\n","protected":false},"featured_media":2934,"template":"","meta":{"_acf_changed":false},"marka":[],"product_cat":[123,74,82],"product_tag":[],"class_list":{"0":"post-2936","1":"product","2":"type-product","3":"status-publish","4":"has-post-thumbnail","6":"product_cat-yakimasport","7":"product_cat-pilka-nozna","8":"product_cat-sprzet-treningowy-pilka-nozna","10":"first","11":"instock","12":"taxable","13":"shipping-taxable","14":"purchasable","15":"product-type-simple"},"acf":[],"_links":{"self":[{"href":"https:\/\/sportyheaven.pl\/en\/wp-json\/wp\/v2\/product\/2936","targetHints":{"allow":["GET"]}}],"collection":[{"href":"https:\/\/sportyheaven.pl\/en\/wp-json\/wp\/v2\/product"}],"about":[{"href":"https:\/\/sportyheaven.pl\/en\/wp-json\/wp\/v2\/types\/product"}],"version-history":[{"count":1,"href":"https:\/\/sportyheaven.pl\/en\/wp-json\/wp\/v2\/product\/2936\/revisions"}],"predecessor-version":[{"id":5755,"href":"https:\/\/sportyheaven.pl\/en\/wp-json\/wp\/v2\/product\/2936\/revisions\/5755"}],"wp:featuredmedia":[{"embeddable":true,"href":"https:\/\/sportyheaven.pl\/en\/wp-json\/wp\/v2\/media\/2934"}],"wp:attachment":[{"href":"https:\/\/sportyheaven.pl\/en\/wp-json\/wp\/v2\/media?parent=2936"}],"wp:term":[{"taxonomy":"marka","embeddable":true,"href":"https:\/\/sportyheaven.pl\/en\/wp-json\/wp\/v2\/marka?post=2936"},{"taxonomy":"product_cat","embeddable":true,"href":"https:\/\/sportyheaven.pl\/en\/wp-json\/wp\/v2\/product_cat?post=2936"},{"taxonomy":"product_tag","embeddable":true,"href":"https:\/\/sportyheaven.pl\/en\/wp-json\/wp\/v2\/product_tag?post=2936"}],"curies":[{"name":"wp","href":"https:\/\/api.w.org\/{rel}","templated":true}]}}