{"id":2924,"date":"2023-12-13T13:12:57","date_gmt":"2023-12-13T12:12:57","guid":{"rendered":"https:\/\/sportyheaven.pl\/produkty\/drabinka-koordynacyjna-podwyzszana-6-stopni\/"},"modified":"2025-01-17T13:23:20","modified_gmt":"2025-01-17T12:23:20","slug":"drabinka-koordynacyjna-podwyzszana-6-stopni","status":"publish","type":"product","link":"https:\/\/sportyheaven.pl\/en\/sklep\/drabinka-koordynacyjna-podwyzszana-6-stopni\/","title":{"rendered":"Drabinka koordynacyjna, podwy\u017cszana 6 stopni"},"content":{"rendered":"<p><span style=\"font-family: 'Open Sans', sans-serif; font-size: 10pt;\">\u2705 D\u0142ugo\u015b\u0107 ca\u0142kowita po roz\u0142o\u017ceniu: 2,1m<\/span><br \/><span style=\"font-family: 'Open Sans', sans-serif; font-size: 10pt;\">\u2705 Sk\u0142adana drabinka z mo\u017cliwo\u015bci\u0105 podwy\u017cszenia szczebli, dzi\u0119ki czemu mo\u017ce by\u0107 wykorzystana jako drabinka lub p\u0142otki<\/span><br \/><span style=\"font-family: 'Open Sans', sans-serif; font-size: 10pt;\">\u2705 Wysoko\u015b\u0107 drabinki po podniesieniu to 11cm<\/span><\/p>\n","protected":false},"excerpt":{"rendered":"<p>YAKIMASPORT<br \/>\nEAN: 5906718236319<\/p>\n","protected":false},"featured_media":5300,"template":"","meta":{"_acf_changed":false},"marka":[],"product_cat":[74,82,123],"product_tag":[],"class_list":{"0":"post-2924","1":"product","2":"type-product","3":"status-publish","4":"has-post-thumbnail","6":"product_cat-pilka-nozna","7":"product_cat-sprzet-treningowy-pilka-nozna","8":"product_cat-yakimasport","10":"first","11":"instock","12":"taxable","13":"shipping-taxable","14":"purchasable","15":"product-type-simple"},"acf":[],"_links":{"self":[{"href":"https:\/\/sportyheaven.pl\/en\/wp-json\/wp\/v2\/product\/2924","targetHints":{"allow":["GET"]}}],"collection":[{"href":"https:\/\/sportyheaven.pl\/en\/wp-json\/wp\/v2\/product"}],"about":[{"href":"https:\/\/sportyheaven.pl\/en\/wp-json\/wp\/v2\/types\/product"}],"version-history":[{"count":1,"href":"https:\/\/sportyheaven.pl\/en\/wp-json\/wp\/v2\/product\/2924\/revisions"}],"predecessor-version":[{"id":5659,"href":"https:\/\/sportyheaven.pl\/en\/wp-json\/wp\/v2\/product\/2924\/revisions\/5659"}],"wp:featuredmedia":[{"embeddable":true,"href":"https:\/\/sportyheaven.pl\/en\/wp-json\/wp\/v2\/media\/5300"}],"wp:attachment":[{"href":"https:\/\/sportyheaven.pl\/en\/wp-json\/wp\/v2\/media?parent=2924"}],"wp:term":[{"taxonomy":"marka","embeddable":true,"href":"https:\/\/sportyheaven.pl\/en\/wp-json\/wp\/v2\/marka?post=2924"},{"taxonomy":"product_cat","embeddable":true,"href":"https:\/\/sportyheaven.pl\/en\/wp-json\/wp\/v2\/product_cat?post=2924"},{"taxonomy":"product_tag","embeddable":true,"href":"https:\/\/sportyheaven.pl\/en\/wp-json\/wp\/v2\/product_tag?post=2924"}],"curies":[{"name":"wp","href":"https:\/\/api.w.org\/{rel}","templated":true}]}}