{"id":2915,"date":"2023-12-13T13:12:53","date_gmt":"2023-12-13T12:12:53","guid":{"rendered":"https:\/\/sportyheaven.pl\/produkty\/drabinka-koordynacyjna-potrojna-3d-6-m\/"},"modified":"2025-04-29T06:46:56","modified_gmt":"2025-04-29T04:46:56","slug":"drabinka-koordynacyjna-potrojna-3d-6-m","status":"publish","type":"product","link":"https:\/\/sportyheaven.pl\/en\/sklep\/drabinka-koordynacyjna-potrojna-3d-6-m\/","title":{"rendered":"Drabinka koordynacyjna, potr\u00f3jna 3D 6 m"},"content":{"rendered":"<p><span style=\"font-family: 'Open Sans', sans-serif; font-size: 10pt;\">\u2705 Drabinka z\u0142o\u017cona z trzech rz\u0119d\u00f3w o d\u0142ugo\u015bci 6m<\/span><br \/><span style=\"font-family: 'Open Sans', sans-serif; font-size: 10pt;\">\u2705 W\u00a0zestawie torba do przenoszenia i magazynowania drabinki<\/span><\/p>\n","protected":false},"excerpt":{"rendered":"<p>YAKIMASPORT<br \/>\nEAN: 5903137554604<\/p>\n","protected":false},"featured_media":5373,"template":"","meta":{"_acf_changed":false},"marka":[],"product_cat":[292,299,367],"product_tag":[],"class_list":{"0":"post-2915","1":"product","2":"type-product","3":"status-publish","4":"has-post-thumbnail","6":"product_cat-football","7":"product_cat-football-training-equipment","8":"product_cat-yakimasport-en","10":"first","11":"instock","12":"taxable","13":"shipping-taxable","14":"purchasable","15":"product-type-simple"},"acf":[],"_links":{"self":[{"href":"https:\/\/sportyheaven.pl\/en\/wp-json\/wp\/v2\/product\/2915","targetHints":{"allow":["GET"]}}],"collection":[{"href":"https:\/\/sportyheaven.pl\/en\/wp-json\/wp\/v2\/product"}],"about":[{"href":"https:\/\/sportyheaven.pl\/en\/wp-json\/wp\/v2\/types\/product"}],"version-history":[{"count":1,"href":"https:\/\/sportyheaven.pl\/en\/wp-json\/wp\/v2\/product\/2915\/revisions"}],"predecessor-version":[{"id":5657,"href":"https:\/\/sportyheaven.pl\/en\/wp-json\/wp\/v2\/product\/2915\/revisions\/5657"}],"wp:featuredmedia":[{"embeddable":true,"href":"https:\/\/sportyheaven.pl\/en\/wp-json\/wp\/v2\/media\/5373"}],"wp:attachment":[{"href":"https:\/\/sportyheaven.pl\/en\/wp-json\/wp\/v2\/media?parent=2915"}],"wp:term":[{"taxonomy":"marka","embeddable":true,"href":"https:\/\/sportyheaven.pl\/en\/wp-json\/wp\/v2\/marka?post=2915"},{"taxonomy":"product_cat","embeddable":true,"href":"https:\/\/sportyheaven.pl\/en\/wp-json\/wp\/v2\/product_cat?post=2915"},{"taxonomy":"product_tag","embeddable":true,"href":"https:\/\/sportyheaven.pl\/en\/wp-json\/wp\/v2\/product_tag?post=2915"}],"curies":[{"name":"wp","href":"https:\/\/api.w.org\/{rel}","templated":true}]}}