{"id":2909,"date":"2023-12-13T13:12:51","date_gmt":"2023-12-13T12:12:51","guid":{"rendered":"https:\/\/sportyheaven.pl\/produkty\/drabinka-koordynacyjna-6-m\/"},"modified":"2025-04-29T06:41:12","modified_gmt":"2025-04-29T04:41:12","slug":"drabinka-koordynacyjna-6-m","status":"publish","type":"product","link":"https:\/\/sportyheaven.pl\/en\/sklep\/drabinka-koordynacyjna-6-m\/","title":{"rendered":"Drabinka koordynacyjna 6m"},"content":{"rendered":"<p><span style=\"font-family: 'Open Sans', sans-serif; font-size: 10pt;\">\u2705\u00a0D\u0142ugo\u015b\u0107 6m<\/span><br \/><span style=\"font-family: 'Open Sans', sans-serif; font-size: 10pt;\">\u2705\u00a012 szczebli w drabince<\/span><\/p>\n","protected":false},"excerpt":{"rendered":"<p>YAKIMASPORT<br \/>\nEAN: 5903137554444<\/p>\n","protected":false},"featured_media":2907,"template":"","meta":{"_acf_changed":false},"marka":[],"product_cat":[74,82,123],"product_tag":[],"class_list":{"0":"post-2909","1":"product","2":"type-product","3":"status-publish","4":"has-post-thumbnail","6":"product_cat-pilka-nozna","7":"product_cat-sprzet-treningowy-pilka-nozna","8":"product_cat-yakimasport","10":"first","11":"instock","12":"taxable","13":"shipping-taxable","14":"purchasable","15":"product-type-simple"},"acf":{"informacje_o_zakupach":"Bezpieczne zakupy, 12 miesi\u0119czna gwarancja!","informacje_o_dostawie_ys":"Szybka realizacja zam\u00f3wienia i dostawa","informacje_o_zwrocie":"14-dniowa mo\u017cliwo\u015b\u0107 zwrotu!"},"_links":{"self":[{"href":"https:\/\/sportyheaven.pl\/en\/wp-json\/wp\/v2\/product\/2909","targetHints":{"allow":["GET"]}}],"collection":[{"href":"https:\/\/sportyheaven.pl\/en\/wp-json\/wp\/v2\/product"}],"about":[{"href":"https:\/\/sportyheaven.pl\/en\/wp-json\/wp\/v2\/types\/product"}],"version-history":[{"count":2,"href":"https:\/\/sportyheaven.pl\/en\/wp-json\/wp\/v2\/product\/2909\/revisions"}],"predecessor-version":[{"id":5656,"href":"https:\/\/sportyheaven.pl\/en\/wp-json\/wp\/v2\/product\/2909\/revisions\/5656"}],"wp:featuredmedia":[{"embeddable":true,"href":"https:\/\/sportyheaven.pl\/en\/wp-json\/wp\/v2\/media\/2907"}],"wp:attachment":[{"href":"https:\/\/sportyheaven.pl\/en\/wp-json\/wp\/v2\/media?parent=2909"}],"wp:term":[{"taxonomy":"marka","embeddable":true,"href":"https:\/\/sportyheaven.pl\/en\/wp-json\/wp\/v2\/marka?post=2909"},{"taxonomy":"product_cat","embeddable":true,"href":"https:\/\/sportyheaven.pl\/en\/wp-json\/wp\/v2\/product_cat?post=2909"},{"taxonomy":"product_tag","embeddable":true,"href":"https:\/\/sportyheaven.pl\/en\/wp-json\/wp\/v2\/product_tag?post=2909"}],"curies":[{"name":"wp","href":"https:\/\/api.w.org\/{rel}","templated":true}]}}