{"id":2906,"date":"2023-12-13T13:12:50","date_gmt":"2023-12-13T12:12:50","guid":{"rendered":"https:\/\/sportyheaven.pl\/produkty\/drabinka-koordynacyjna-4-m-z-blokada-szczebli\/"},"modified":"2025-04-29T06:41:12","modified_gmt":"2025-04-29T04:41:12","slug":"drabinka-koordynacyjna-4-m-z-blokada-szczebli","status":"publish","type":"product","link":"https:\/\/sportyheaven.pl\/en\/sklep\/drabinka-koordynacyjna-4-m-z-blokada-szczebli\/","title":{"rendered":"Drabinka koordynacyjna 4 m z blokad\u0105 szczebli"},"content":{"rendered":"<p><span style=\"font-family: 'Open Sans', sans-serif; font-size: 10pt;\">\u2705 Posiada system zapobiegaj\u0105cy przesuwaniu si\u0119 szczebli drabinki<\/span><br \/><span style=\"font-family: 'Open Sans', sans-serif; font-size: 10pt;\">\u2705 4m d\u0142ugo\u015bci drabinki<\/span><br \/><span style=\"font-family: 'Open Sans', sans-serif; font-size: 10pt;\">\u2705 8 szczebli do treningu<\/span><\/p>\n","protected":false},"excerpt":{"rendered":"<p>YAKIMASPORT<br \/>\nEAN: 5906718236753<\/p>\n","protected":false},"featured_media":2904,"template":"","meta":{"_acf_changed":false},"marka":[],"product_cat":[292,299,367],"product_tag":[],"class_list":{"0":"post-2906","1":"product","2":"type-product","3":"status-publish","4":"has-post-thumbnail","6":"product_cat-football","7":"product_cat-football-training-equipment","8":"product_cat-yakimasport-en","10":"first","11":"instock","12":"taxable","13":"shipping-taxable","14":"purchasable","15":"product-type-simple"},"acf":{"informacje_o_zakupach":"Bezpieczne zakupy, 12 miesi\u0119czna gwarancja!","informacje_o_dostawie_ys":"Szybka realizacja zam\u00f3wienia i dostawa","informacje_o_zwrocie":"14-dniowa mo\u017cliwo\u015b\u0107 zwrotu!"},"_links":{"self":[{"href":"https:\/\/sportyheaven.pl\/en\/wp-json\/wp\/v2\/product\/2906","targetHints":{"allow":["GET"]}}],"collection":[{"href":"https:\/\/sportyheaven.pl\/en\/wp-json\/wp\/v2\/product"}],"about":[{"href":"https:\/\/sportyheaven.pl\/en\/wp-json\/wp\/v2\/types\/product"}],"version-history":[{"count":2,"href":"https:\/\/sportyheaven.pl\/en\/wp-json\/wp\/v2\/product\/2906\/revisions"}],"predecessor-version":[{"id":5639,"href":"https:\/\/sportyheaven.pl\/en\/wp-json\/wp\/v2\/product\/2906\/revisions\/5639"}],"wp:featuredmedia":[{"embeddable":true,"href":"https:\/\/sportyheaven.pl\/en\/wp-json\/wp\/v2\/media\/2904"}],"wp:attachment":[{"href":"https:\/\/sportyheaven.pl\/en\/wp-json\/wp\/v2\/media?parent=2906"}],"wp:term":[{"taxonomy":"marka","embeddable":true,"href":"https:\/\/sportyheaven.pl\/en\/wp-json\/wp\/v2\/marka?post=2906"},{"taxonomy":"product_cat","embeddable":true,"href":"https:\/\/sportyheaven.pl\/en\/wp-json\/wp\/v2\/product_cat?post=2906"},{"taxonomy":"product_tag","embeddable":true,"href":"https:\/\/sportyheaven.pl\/en\/wp-json\/wp\/v2\/product_tag?post=2906"}],"curies":[{"name":"wp","href":"https:\/\/api.w.org\/{rel}","templated":true}]}}