{"id":2900,"date":"2023-12-13T13:12:47","date_gmt":"2023-12-13T12:12:47","guid":{"rendered":"https:\/\/sportyheaven.pl\/produkty\/wozek-kosz-na-pilki\/"},"modified":"2025-04-29T06:41:11","modified_gmt":"2025-04-29T04:41:11","slug":"wozek-kosz-na-pilki","status":"publish","type":"product","link":"https:\/\/sportyheaven.pl\/en\/sklep\/wozek-kosz-na-pilki\/","title":{"rendered":"W\u00f3zek kosz na pi\u0142ki"},"content":{"rendered":"<p><span style=\"font-family:'Open Sans', sans-serif;font-size:10pt;\">\u2705 Pomie\u015bci do 24 pi\u0142ek<\/span><br \/><span style=\"font-family:'Open Sans', sans-serif;font-size:10pt;\">\u2705\u00a0Wymiary kosza: 56cm x 56cm x 60cm, wysoko\u015b\u0107 ze stela\u017cem: 104cm<\/span><br \/><span style=\"font-family:'Open Sans', sans-serif;font-size:10pt;\">\u2705 Sk\u0142adany<\/span><\/p>\n","protected":false},"excerpt":{"rendered":"<p>YAKIMASPORT<br \/>\nEAN: 5906718236944<\/p>\n","protected":false},"featured_media":2898,"template":"","meta":{"_acf_changed":false},"marka":[],"product_cat":[123,74,78],"product_tag":[],"class_list":{"0":"post-2900","1":"product","2":"type-product","3":"status-publish","4":"has-post-thumbnail","6":"product_cat-yakimasport","7":"product_cat-pilka-nozna","8":"product_cat-worki-siatki-na-pilki-pilka-nozna","10":"first","11":"instock","12":"taxable","13":"shipping-taxable","14":"purchasable","15":"product-type-simple"},"acf":[],"_links":{"self":[{"href":"https:\/\/sportyheaven.pl\/en\/wp-json\/wp\/v2\/product\/2900","targetHints":{"allow":["GET"]}}],"collection":[{"href":"https:\/\/sportyheaven.pl\/en\/wp-json\/wp\/v2\/product"}],"about":[{"href":"https:\/\/sportyheaven.pl\/en\/wp-json\/wp\/v2\/types\/product"}],"version-history":[{"count":2,"href":"https:\/\/sportyheaven.pl\/en\/wp-json\/wp\/v2\/product\/2900\/revisions"}],"predecessor-version":[{"id":5706,"href":"https:\/\/sportyheaven.pl\/en\/wp-json\/wp\/v2\/product\/2900\/revisions\/5706"}],"wp:featuredmedia":[{"embeddable":true,"href":"https:\/\/sportyheaven.pl\/en\/wp-json\/wp\/v2\/media\/2898"}],"wp:attachment":[{"href":"https:\/\/sportyheaven.pl\/en\/wp-json\/wp\/v2\/media?parent=2900"}],"wp:term":[{"taxonomy":"marka","embeddable":true,"href":"https:\/\/sportyheaven.pl\/en\/wp-json\/wp\/v2\/marka?post=2900"},{"taxonomy":"product_cat","embeddable":true,"href":"https:\/\/sportyheaven.pl\/en\/wp-json\/wp\/v2\/product_cat?post=2900"},{"taxonomy":"product_tag","embeddable":true,"href":"https:\/\/sportyheaven.pl\/en\/wp-json\/wp\/v2\/product_tag?post=2900"}],"curies":[{"name":"wp","href":"https:\/\/api.w.org\/{rel}","templated":true}]}}