{"id":2891,"date":"2023-12-13T13:12:43","date_gmt":"2023-12-13T12:12:43","guid":{"rendered":"https:\/\/sportyheaven.pl\/produkty\/pompka-reczna-60-cm-z-cisnieniomierzem\/"},"modified":"2025-04-29T06:35:43","modified_gmt":"2025-04-29T04:35:43","slug":"pompka-reczna-60-cm-z-cisnieniomierzem","status":"publish","type":"product","link":"https:\/\/sportyheaven.pl\/en\/sklep\/pompka-reczna-60-cm-z-cisnieniomierzem\/","title":{"rendered":"Pompka r\u0119czna 60 cm z ci\u015bnieniomierzem"},"content":{"rendered":"<p><span style=\"font-family: 'Open Sans', sans-serif; font-size: 10pt;\">\u2705 Bardzo wydajna pompka<\/span><br \/><span style=\"font-family: 'Open Sans', sans-serif; font-size: 10pt;\">\u2705 Wbudowany ci\u015bnieniomierz, pozwalaj\u0105cy idealne napompowanie pi\u0142ki<\/span><\/p>\n","protected":false},"excerpt":{"rendered":"<p>YAKIMASPORT<br \/>\nEAN: 5906718236586<\/p>\n","protected":false},"featured_media":2889,"template":"","meta":{"_acf_changed":false},"marka":[],"product_cat":[233,292,234,299,367],"product_tag":[],"class_list":{"0":"post-2891","1":"product","2":"type-product","3":"status-publish","4":"has-post-thumbnail","6":"product_cat-school-accessories","7":"product_cat-football","8":"product_cat-pumps-compressors","9":"product_cat-football-training-equipment","10":"product_cat-yakimasport-en","12":"first","13":"instock","14":"taxable","15":"shipping-taxable","16":"purchasable","17":"product-type-simple"},"acf":{"informacje_o_zakupach":"Bezpieczne zakupy, 12 miesi\u0119czna gwarancja!","informacje_o_dostawie_ys":"Szybka realizacja zam\u00f3wienia i dostawa","informacje_o_zwrocie":"14-dniowa mo\u017cliwo\u015b\u0107 zwrotu!"},"_links":{"self":[{"href":"https:\/\/sportyheaven.pl\/en\/wp-json\/wp\/v2\/product\/2891","targetHints":{"allow":["GET"]}}],"collection":[{"href":"https:\/\/sportyheaven.pl\/en\/wp-json\/wp\/v2\/product"}],"about":[{"href":"https:\/\/sportyheaven.pl\/en\/wp-json\/wp\/v2\/types\/product"}],"version-history":[{"count":1,"href":"https:\/\/sportyheaven.pl\/en\/wp-json\/wp\/v2\/product\/2891\/revisions"}],"predecessor-version":[{"id":5735,"href":"https:\/\/sportyheaven.pl\/en\/wp-json\/wp\/v2\/product\/2891\/revisions\/5735"}],"wp:featuredmedia":[{"embeddable":true,"href":"https:\/\/sportyheaven.pl\/en\/wp-json\/wp\/v2\/media\/2889"}],"wp:attachment":[{"href":"https:\/\/sportyheaven.pl\/en\/wp-json\/wp\/v2\/media?parent=2891"}],"wp:term":[{"taxonomy":"marka","embeddable":true,"href":"https:\/\/sportyheaven.pl\/en\/wp-json\/wp\/v2\/marka?post=2891"},{"taxonomy":"product_cat","embeddable":true,"href":"https:\/\/sportyheaven.pl\/en\/wp-json\/wp\/v2\/product_cat?post=2891"},{"taxonomy":"product_tag","embeddable":true,"href":"https:\/\/sportyheaven.pl\/en\/wp-json\/wp\/v2\/product_tag?post=2891"}],"curies":[{"name":"wp","href":"https:\/\/api.w.org\/{rel}","templated":true}]}}